{"id":21,"date":"2024-04-24T10:43:13","date_gmt":"2024-04-24T10:43:13","guid":{"rendered":"https:\/\/bedandmuseum.com\/about-us\/"},"modified":"2024-05-07T16:11:50","modified_gmt":"2024-05-07T16:11:50","slug":"chi-siamo","status":"publish","type":"page","link":"http:\/\/bedandmuseum.com\/de\/wer-wir-sind\/","title":{"rendered":"WER WIR SIND"},"content":{"rendered":"<h3 class=\"font-light\" style=\"margin-bottom: 0px; text-align: center;\">La Nova Bett &amp; Museum<\/h3>\n\n\n\n<h4 class=\"wp-block-heading has-text-align-center text-color font-light\"><em>Wo sich Geschichte und Komfort treffen<\/em><\/h4>\n\n\n\n<p class=\"has-text-align-center\"><\/p>\n\n\n\n<p>Willkommen bei <strong>La Nova Bett &amp; Museum<\/strong> im Herzen von Neapel, wo Geschichte, Kunst und moderner Komfort zusammenkommen, um Ihnen ein einzigartiges Urlaubserlebnis zu bieten. Das Hotel liegt innerhalb des Complesso Monumentale di Santa Maria La Nova und ist ein perfekter Zufluchtsort f\u00fcr Kulturliebhaber und f\u00fcr diejenigen, die die Sch\u00f6nheit Neapels entdecken m\u00f6chten.<\/p>\n\n\n\n<p>Der Monumentalkomplex Santa Maria La Nova ist ein Juwel der angevinischen Architektur aus dem Jahr 1279, das im Laufe der Jahrhunderte zahlreiche k\u00fcnstlerische Ver\u00e4nderungen erfahren hat. Dieser au\u00dfergew\u00f6hnliche historische Kontext bildet die Kulisse f\u00fcr ein unvergleichliches Urlaubserlebnis, bei dem auf jedes Detail geachtet wurde, um unseren G\u00e4sten eine perfekte Mischung aus Tradition und Moderne zu bieten.<\/p>\n\n\n\n<p>Dank unserer zentralen Lage k\u00f6nnen Sie die wichtigsten Sehensw\u00fcrdigkeiten Neapels, wie das Museum der Sansevero-Kapelle, das Theater San Carlo und das Castel dell'Ovo, leicht erkunden.<\/p>\n\n\n\n<p>Wir sind bereit, Sie willkommen zu hei\u00dfen <strong>La Nova Bett &amp; Museum<\/strong> und lassen Sie einen einzigartigen Aufenthalt im Herzen von Neapel erleben.<\/p>","protected":false},"excerpt":{"rendered":"<p>La Nova Bed &amp; Museum Wo sich Geschichte und Komfort treffen Willkommen im La Nova Bed &amp; Museum im Herzen von Neapel, wo Geschichte, Kunst und moderner Komfort zusammenkommen, um Ihnen ein einzigartiges Urlaubserlebnis zu bieten. Das Hotel liegt innerhalb des Monumentalkomplexes Santa Maria La Nova und ist der perfekte R\u00fcckzugsort f\u00fcr Liebhaber ... <\/p>\n<p class=\"link-more\"><a href=\"http:\/\/bedandmuseum.com\/de\/wer-wir-sind\/\" class=\"more-link\"><span class=\"screen-reader-text\"> versuchen Sie '\u00dcBER UNS<\/span><\/a><\/p>","protected":false},"author":1,"featured_media":189,"parent":0,"menu_order":0,"comment_status":"closed","ping_status":"closed","template":"page-templates\/page-about.php","meta":{"footnotes":""},"class_list":["post-21","page","type-page","status-publish","has-post-thumbnail","hentry"],"yoast_head":"<!-- This site is optimized with the Yoast SEO plugin v27.5 - https:\/\/yoast.com\/product\/yoast-seo-wordpress\/ -->\n<title>CHI SIAMO - La Nova Bed&amp;Museum<\/title>\n<meta name=\"description\" content=\"Scopri La Nova Bed &amp; Museum, un bed and breakfast storico nel cuore di Napoli. Vivi un&#039;esperienza culturale unica tra arte, storia e comfort moderni, a pochi passi dalle principali attrazioni della citt\u00e0.\" \/>\n<meta name=\"robots\" content=\"index, follow, max-snippet:-1, max-image-preview:large, max-video-preview:-1\" \/>\n<link rel=\"canonical\" href=\"http:\/\/bedandmuseum.com\/de\/wer-wir-sind\/\" \/>\n<meta property=\"og:locale\" content=\"de_DE\" \/>\n<meta property=\"og:type\" content=\"article\" \/>\n<meta property=\"og:title\" content=\"CHI SIAMO - La Nova Bed&amp;Museum\" \/>\n<meta property=\"og:description\" content=\"Scopri La Nova Bed &amp; Museum, un bed and breakfast storico nel cuore di Napoli. Vivi un&#039;esperienza culturale unica tra arte, storia e comfort moderni, a pochi passi dalle principali attrazioni della citt\u00e0.\" \/>\n<meta property=\"og:url\" content=\"http:\/\/bedandmuseum.com\/de\/wer-wir-sind\/\" \/>\n<meta property=\"og:site_name\" content=\"La Nova Bed&amp;Museum\" \/>\n<meta property=\"article:publisher\" content=\"https:\/\/www.facebook.com\/complessomonumentaledisantamarialanova\/\" \/>\n<meta property=\"article:modified_time\" content=\"2024-05-07T16:11:50+00:00\" \/>\n<meta property=\"og:image\" content=\"https:\/\/bedandmuseum.com\/wp-content\/uploads\/2024\/05\/LA-NOVA-BED-AND-MUSEUM-chi-siamo.jpg\" \/>\n\t<meta property=\"og:image:width\" content=\"1685\" \/>\n\t<meta property=\"og:image:height\" content=\"800\" \/>\n\t<meta property=\"og:image:type\" content=\"image\/jpeg\" \/>\n<meta name=\"twitter:card\" content=\"summary_large_image\" \/>\n<meta name=\"twitter:label1\" content=\"Gesch\u00e4tzte Lesezeit\" \/>\n\t<meta name=\"twitter:data1\" content=\"2\u00a0Minuten\" \/>\n<script type=\"application\/ld+json\" class=\"yoast-schema-graph\">{\"@context\":\"https:\\\/\\\/schema.org\",\"@graph\":[{\"@type\":\"WebPage\",\"@id\":\"https:\\\/\\\/bedandmuseum.com\\\/chi-siamo\\\/\",\"url\":\"https:\\\/\\\/bedandmuseum.com\\\/chi-siamo\\\/\",\"name\":\"CHI SIAMO - La Nova Bed&amp;Museum\",\"isPartOf\":{\"@id\":\"https:\\\/\\\/bedandmuseum.com\\\/#website\"},\"primaryImageOfPage\":{\"@id\":\"https:\\\/\\\/bedandmuseum.com\\\/chi-siamo\\\/#primaryimage\"},\"image\":{\"@id\":\"https:\\\/\\\/bedandmuseum.com\\\/chi-siamo\\\/#primaryimage\"},\"thumbnailUrl\":\"https:\\\/\\\/bedandmuseum.com\\\/wp-content\\\/uploads\\\/2024\\\/05\\\/LA-NOVA-BED-AND-MUSEUM-chi-siamo.jpg\",\"datePublished\":\"2024-04-24T10:43:13+00:00\",\"dateModified\":\"2024-05-07T16:11:50+00:00\",\"description\":\"Scopri La Nova Bed & Museum, un bed and breakfast storico nel cuore di Napoli. Vivi un'esperienza culturale unica tra arte, storia e comfort moderni, a pochi passi dalle principali attrazioni della citt\u00e0.\",\"breadcrumb\":{\"@id\":\"https:\\\/\\\/bedandmuseum.com\\\/chi-siamo\\\/#breadcrumb\"},\"inLanguage\":\"de\",\"potentialAction\":[{\"@type\":\"ReadAction\",\"target\":[\"https:\\\/\\\/bedandmuseum.com\\\/chi-siamo\\\/\"]}]},{\"@type\":\"ImageObject\",\"inLanguage\":\"de\",\"@id\":\"https:\\\/\\\/bedandmuseum.com\\\/chi-siamo\\\/#primaryimage\",\"url\":\"https:\\\/\\\/bedandmuseum.com\\\/wp-content\\\/uploads\\\/2024\\\/05\\\/LA-NOVA-BED-AND-MUSEUM-chi-siamo.jpg\",\"contentUrl\":\"https:\\\/\\\/bedandmuseum.com\\\/wp-content\\\/uploads\\\/2024\\\/05\\\/LA-NOVA-BED-AND-MUSEUM-chi-siamo.jpg\",\"width\":1685,\"height\":800},{\"@type\":\"BreadcrumbList\",\"@id\":\"https:\\\/\\\/bedandmuseum.com\\\/chi-siamo\\\/#breadcrumb\",\"itemListElement\":[{\"@type\":\"ListItem\",\"position\":1,\"name\":\"Home\",\"item\":\"https:\\\/\\\/bedandmuseum.com\\\/\"},{\"@type\":\"ListItem\",\"position\":2,\"name\":\"CHI SIAMO\"}]},{\"@type\":\"WebSite\",\"@id\":\"https:\\\/\\\/bedandmuseum.com\\\/#website\",\"url\":\"https:\\\/\\\/bedandmuseum.com\\\/\",\"name\":\"La Nova Bed&Museum\",\"description\":\"Un Rifugio d&#039;Arte e Storia nel Cuore di Napoli\",\"publisher\":{\"@id\":\"https:\\\/\\\/bedandmuseum.com\\\/#organization\"},\"potentialAction\":[{\"@type\":\"SearchAction\",\"target\":{\"@type\":\"EntryPoint\",\"urlTemplate\":\"https:\\\/\\\/bedandmuseum.com\\\/?s={search_term_string}\"},\"query-input\":{\"@type\":\"PropertyValueSpecification\",\"valueRequired\":true,\"valueName\":\"search_term_string\"}}],\"inLanguage\":\"de\"},{\"@type\":\"Organization\",\"@id\":\"https:\\\/\\\/bedandmuseum.com\\\/#organization\",\"name\":\"La Nova Bed&Museum\",\"url\":\"https:\\\/\\\/bedandmuseum.com\\\/\",\"logo\":{\"@type\":\"ImageObject\",\"inLanguage\":\"de\",\"@id\":\"https:\\\/\\\/bedandmuseum.com\\\/#\\\/schema\\\/logo\\\/image\\\/\",\"url\":\"https:\\\/\\\/bedandmuseum.com\\\/wp-content\\\/uploads\\\/2024\\\/04\\\/cropped-icon-512.png\",\"contentUrl\":\"https:\\\/\\\/bedandmuseum.com\\\/wp-content\\\/uploads\\\/2024\\\/04\\\/cropped-icon-512.png\",\"width\":512,\"height\":512,\"caption\":\"La Nova Bed&Museum\"},\"image\":{\"@id\":\"https:\\\/\\\/bedandmuseum.com\\\/#\\\/schema\\\/logo\\\/image\\\/\"},\"sameAs\":[\"https:\\\/\\\/www.facebook.com\\\/complessomonumentaledisantamarialanova\\\/\",\"https:\\\/\\\/www.instagram.com\\\/complessosantamarialanova\\\/\"]}]}<\/script>\n<!-- \/ Yoast SEO plugin. -->","yoast_head_json":{"title":"CHI SIAMO - La Nova Bed&amp;Museum","description":"Scopri La Nova Bed & Museum, un bed and breakfast storico nel cuore di Napoli. Vivi un'esperienza culturale unica tra arte, storia e comfort moderni, a pochi passi dalle principali attrazioni della citt\u00e0.","robots":{"index":"index","follow":"follow","max-snippet":"max-snippet:-1","max-image-preview":"max-image-preview:large","max-video-preview":"max-video-preview:-1"},"canonical":"http:\/\/bedandmuseum.com\/de\/wer-wir-sind\/","og_locale":"de_DE","og_type":"article","og_title":"CHI SIAMO - La Nova Bed&amp;Museum","og_description":"Scopri La Nova Bed & Museum, un bed and breakfast storico nel cuore di Napoli. Vivi un'esperienza culturale unica tra arte, storia e comfort moderni, a pochi passi dalle principali attrazioni della citt\u00e0.","og_url":"http:\/\/bedandmuseum.com\/de\/wer-wir-sind\/","og_site_name":"La Nova Bed&amp;Museum","article_publisher":"https:\/\/www.facebook.com\/complessomonumentaledisantamarialanova\/","article_modified_time":"2024-05-07T16:11:50+00:00","og_image":[{"width":1685,"height":800,"url":"https:\/\/bedandmuseum.com\/wp-content\/uploads\/2024\/05\/LA-NOVA-BED-AND-MUSEUM-chi-siamo.jpg","type":"image\/jpeg"}],"twitter_card":"summary_large_image","twitter_misc":{"Gesch\u00e4tzte Lesezeit":"2\u00a0Minuten"},"schema":{"@context":"https:\/\/schema.org","@graph":[{"@type":"WebPage","@id":"https:\/\/bedandmuseum.com\/chi-siamo\/","url":"https:\/\/bedandmuseum.com\/chi-siamo\/","name":"CHI SIAMO - La Nova Bed&amp;Museum","isPartOf":{"@id":"https:\/\/bedandmuseum.com\/#website"},"primaryImageOfPage":{"@id":"https:\/\/bedandmuseum.com\/chi-siamo\/#primaryimage"},"image":{"@id":"https:\/\/bedandmuseum.com\/chi-siamo\/#primaryimage"},"thumbnailUrl":"https:\/\/bedandmuseum.com\/wp-content\/uploads\/2024\/05\/LA-NOVA-BED-AND-MUSEUM-chi-siamo.jpg","datePublished":"2024-04-24T10:43:13+00:00","dateModified":"2024-05-07T16:11:50+00:00","description":"Scopri La Nova Bed & Museum, un bed and breakfast storico nel cuore di Napoli. Vivi un'esperienza culturale unica tra arte, storia e comfort moderni, a pochi passi dalle principali attrazioni della citt\u00e0.","breadcrumb":{"@id":"https:\/\/bedandmuseum.com\/chi-siamo\/#breadcrumb"},"inLanguage":"de","potentialAction":[{"@type":"ReadAction","target":["https:\/\/bedandmuseum.com\/chi-siamo\/"]}]},{"@type":"ImageObject","inLanguage":"de","@id":"https:\/\/bedandmuseum.com\/chi-siamo\/#primaryimage","url":"https:\/\/bedandmuseum.com\/wp-content\/uploads\/2024\/05\/LA-NOVA-BED-AND-MUSEUM-chi-siamo.jpg","contentUrl":"https:\/\/bedandmuseum.com\/wp-content\/uploads\/2024\/05\/LA-NOVA-BED-AND-MUSEUM-chi-siamo.jpg","width":1685,"height":800},{"@type":"BreadcrumbList","@id":"https:\/\/bedandmuseum.com\/chi-siamo\/#breadcrumb","itemListElement":[{"@type":"ListItem","position":1,"name":"Home","item":"https:\/\/bedandmuseum.com\/"},{"@type":"ListItem","position":2,"name":"CHI SIAMO"}]},{"@type":"WebSite","@id":"https:\/\/bedandmuseum.com\/#website","url":"https:\/\/bedandmuseum.com\/","name":"La Nova Bed&Museum","description":"Un Rifugio d&#039;Arte e Storia nel Cuore di Napoli","publisher":{"@id":"https:\/\/bedandmuseum.com\/#organization"},"potentialAction":[{"@type":"SearchAction","target":{"@type":"EntryPoint","urlTemplate":"https:\/\/bedandmuseum.com\/?s={search_term_string}"},"query-input":{"@type":"PropertyValueSpecification","valueRequired":true,"valueName":"search_term_string"}}],"inLanguage":"de"},{"@type":"Organization","@id":"https:\/\/bedandmuseum.com\/#organization","name":"La Nova Bed&Museum","url":"https:\/\/bedandmuseum.com\/","logo":{"@type":"ImageObject","inLanguage":"de","@id":"https:\/\/bedandmuseum.com\/#\/schema\/logo\/image\/","url":"https:\/\/bedandmuseum.com\/wp-content\/uploads\/2024\/04\/cropped-icon-512.png","contentUrl":"https:\/\/bedandmuseum.com\/wp-content\/uploads\/2024\/04\/cropped-icon-512.png","width":512,"height":512,"caption":"La Nova Bed&Museum"},"image":{"@id":"https:\/\/bedandmuseum.com\/#\/schema\/logo\/image\/"},"sameAs":["https:\/\/www.facebook.com\/complessomonumentaledisantamarialanova\/","https:\/\/www.instagram.com\/complessosantamarialanova\/"]}]}},"_links":{"self":[{"href":"http:\/\/bedandmuseum.com\/de\/wp-json\/wp\/v2\/pages\/21","targetHints":{"allow":["GET"]}}],"collection":[{"href":"http:\/\/bedandmuseum.com\/de\/wp-json\/wp\/v2\/pages"}],"about":[{"href":"http:\/\/bedandmuseum.com\/de\/wp-json\/wp\/v2\/types\/page"}],"author":[{"embeddable":true,"href":"http:\/\/bedandmuseum.com\/de\/wp-json\/wp\/v2\/users\/1"}],"replies":[{"embeddable":true,"href":"http:\/\/bedandmuseum.com\/de\/wp-json\/wp\/v2\/comments?post=21"}],"version-history":[{"count":9,"href":"http:\/\/bedandmuseum.com\/de\/wp-json\/wp\/v2\/pages\/21\/revisions"}],"predecessor-version":[{"id":318,"href":"http:\/\/bedandmuseum.com\/de\/wp-json\/wp\/v2\/pages\/21\/revisions\/318"}],"wp:featuredmedia":[{"embeddable":true,"href":"http:\/\/bedandmuseum.com\/de\/wp-json\/wp\/v2\/media\/189"}],"wp:attachment":[{"href":"http:\/\/bedandmuseum.com\/de\/wp-json\/wp\/v2\/media?parent=21"}],"curies":[{"name":"wp","href":"https:\/\/api.w.org\/{rel}","templated":true}]}}