{"id":25,"date":"2024-04-24T10:43:16","date_gmt":"2024-04-24T10:43:16","guid":{"rendered":"https:\/\/bedandmuseum.com\/our-rooms\/"},"modified":"2024-05-09T16:45:26","modified_gmt":"2024-05-09T16:45:26","slug":"le-nostre-camere","status":"publish","type":"page","link":"http:\/\/bedandmuseum.com\/es\/nuestras-habitaciones\/","title":{"rendered":"NUESTRAS HABITACIONES"},"content":{"rendered":"<p>Nuestras habitaciones, situadas en el marco hist\u00f3rico del <strong>Conjunto Monumental de Santa Mar\u00eda La Nova<\/strong>ofrecen una experiencia \u00fanica, combinando las comodidades modernas con un ambiente rico en historia y arte. Tenga en cuenta que todas las habitaciones <strong>se encuentran en la tercera planta<\/strong> de la estructura y preservar la integridad de nuestro edificio hist\u00f3rico, <strong>no disponemos de ascensor<\/strong>. Invitamos a nuestros hu\u00e9spedes a tenerlo en cuenta a la hora de reservar, garantizando as\u00ed una inmersi\u00f3n total en la autenticidad y el encanto de nuestro entorno hist\u00f3rico.<\/p>\n\n\n\n<div class=\"wrap plugin-container\">\n\n\t\n\t\n\t<div class=\"vblistcontainer vblistcontainer-list\">\n<ul class=\"vblist\">\n\t<li class=\"room_result\">\n\t\t<div class=\"room_result-inner\">\n\t\t\t<div class=\"vblistroomblock\">\n\t\t\t\t\t\t\t<div class=\"vbimglistdiv\">\n\t\t\t\t\t<a class=\"vbo-roomslist-imglink\" href=\"http:\/\/bedandmuseum.com\/es\/habitacion-doble-pequena\/\">\n\t\t\t\t\t\t<img decoding=\"async\" src=\"http:\/\/bedandmuseum.com\/wp-content\/plugins\/vikbooking\/site\/resources\/uploads\/big_186477352323_1.jpg\" alt=\"Habitaci\u00f3n Doble Peque\u00f1a\" class=\"vblistimg\"\/>\n\t\t\t\t\t<\/a>\n\t\t\t\t\t\t\t\t\t<div class=\"vbmodalrdetails vbo-roomslist-opengallery-cont\">\n\t\t\t\t\t\t<a href=\"javascript: void(0);\" class=\"vbo-roomslist-opengallery\" data-roomid=\"1\"><i class=\"fas fa-camera\"><\/i><\/a>\n\t\t\t\t\t<\/div>\n\t\t\t\t\t<div class=\"vikfx-gallery\" id=\"vikfx-gallery1\" style=\"display: none;\">\n\t\t\t\t\t\t\t\t\t\t\t<a href=\"http:\/\/bedandmuseum.com\/wp-content\/plugins\/vikbooking\/site\/resources\/uploads\/big_186477352323.jpg\" style=\"display: none;\">\n\t\t\t\t\t\t\t<img decoding=\"async\" src=\"http:\/\/bedandmuseum.com\/wp-content\/plugins\/vikbooking\/site\/resources\/uploads\/thumb_186477352323.jpg\" alt=\"186477352323\" title=\"\" style=\"display: none;\"\/>\n\t\t\t\t\t\t<\/a>\n\t\t\t\t\t\t\t\t\t\t\t\t<a href=\"http:\/\/bedandmuseum.com\/wp-content\/plugins\/vikbooking\/site\/resources\/uploads\/big_510992063.jpg\" style=\"display: none;\">\n\t\t\t\t\t\t\t<img decoding=\"async\" src=\"http:\/\/bedandmuseum.com\/wp-content\/plugins\/vikbooking\/site\/resources\/uploads\/thumb_510992063.jpg\" alt=\"510992063\" title=\"\" style=\"display: none;\"\/>\n\t\t\t\t\t\t<\/a>\n\t\t\t\t\t\t\t\t\t\t\t\t<a href=\"http:\/\/bedandmuseum.com\/wp-content\/plugins\/vikbooking\/site\/resources\/uploads\/big_477353445.jpg\" style=\"display: none;\">\n\t\t\t\t\t\t\t<img decoding=\"async\" src=\"http:\/\/bedandmuseum.com\/wp-content\/plugins\/vikbooking\/site\/resources\/uploads\/thumb_477353445.jpg\" alt=\"477353445\" title=\"\" style=\"display: none;\"\/>\n\t\t\t\t\t\t<\/a>\n\t\t\t\t\t\t\t\t\t\t\t\t<a href=\"http:\/\/bedandmuseum.com\/wp-content\/plugins\/vikbooking\/site\/resources\/uploads\/big_477352452.jpg\" style=\"display: none;\">\n\t\t\t\t\t\t\t<img decoding=\"async\" src=\"http:\/\/bedandmuseum.com\/wp-content\/plugins\/vikbooking\/site\/resources\/uploads\/thumb_477352452.jpg\" alt=\"477352452\" title=\"\" style=\"display: none;\"\/>\n\t\t\t\t\t\t<\/a>\n\t\t\t\t\t\t\t\t\t\t\t\t<a href=\"http:\/\/bedandmuseum.com\/wp-content\/plugins\/vikbooking\/site\/resources\/uploads\/big_477352433.jpg\" style=\"display: none;\">\n\t\t\t\t\t\t\t<img decoding=\"async\" src=\"http:\/\/bedandmuseum.com\/wp-content\/plugins\/vikbooking\/site\/resources\/uploads\/thumb_477352433.jpg\" alt=\"477352433\" title=\"\" style=\"display: none;\"\/>\n\t\t\t\t\t\t<\/a>\n\t\t\t\t\t\t\t\t\t\t\t\t<a href=\"http:\/\/bedandmuseum.com\/wp-content\/plugins\/vikbooking\/site\/resources\/uploads\/big_477352725.jpg\" style=\"display: none;\">\n\t\t\t\t\t\t\t<img decoding=\"async\" src=\"http:\/\/bedandmuseum.com\/wp-content\/plugins\/vikbooking\/site\/resources\/uploads\/thumb_477352725.jpg\" alt=\"477352725\" title=\"\" style=\"display: none;\"\/>\n\t\t\t\t\t\t<\/a>\n\t\t\t\t\t\t\t\t\t\t\t\t<a href=\"http:\/\/bedandmuseum.com\/wp-content\/plugins\/vikbooking\/site\/resources\/uploads\/big_477353236.jpg\" style=\"display: none;\">\n\t\t\t\t\t\t\t<img decoding=\"async\" src=\"http:\/\/bedandmuseum.com\/wp-content\/plugins\/vikbooking\/site\/resources\/uploads\/thumb_477353236.jpg\" alt=\"477353236\" title=\"\" style=\"display: none;\"\/>\n\t\t\t\t\t\t<\/a>\n\t\t\t\t\t\t\t\t\t\t\t\t<a href=\"http:\/\/bedandmuseum.com\/wp-content\/plugins\/vikbooking\/site\/resources\/uploads\/big_477352521.jpg\" style=\"display: none;\">\n\t\t\t\t\t\t\t<img decoding=\"async\" src=\"http:\/\/bedandmuseum.com\/wp-content\/plugins\/vikbooking\/site\/resources\/uploads\/thumb_477352521.jpg\" alt=\"477352521\" title=\"\" style=\"display: none;\"\/>\n\t\t\t\t\t\t<\/a>\n\t\t\t\t\t\t\t\t\t\t\t\t<a href=\"http:\/\/bedandmuseum.com\/wp-content\/plugins\/vikbooking\/site\/resources\/uploads\/big_1409477352323.jpg\" style=\"display: none;\">\n\t\t\t\t\t\t\t<img decoding=\"async\" src=\"http:\/\/bedandmuseum.com\/wp-content\/plugins\/vikbooking\/site\/resources\/uploads\/thumb_1409477352323.jpg\" alt=\"1409477352323\" title=\"\" style=\"display: none;\"\/>\n\t\t\t\t\t\t<\/a>\n\t\t\t\t\t\t\t\t\t\t\t<\/div>\n\t\t\t\t\t\t\t\t<\/div>\n\t\t\t\t\t\t\t<div class=\"vbo-info-room\">\n\t\t\t\t\t<div class=\"vbdescrlistdiv\">\n\t\t\t\t\t\t<h4 class=\"vbrowcname\">\n\t\t\t\t\t\t\t<a href=\"http:\/\/bedandmuseum.com\/es\/habitacion-doble-pequena\/\">Habitaci\u00f3n Doble Peque\u00f1a<\/a>\n\t\t\t\t\t\t<\/h4>\n\t\t\t\t\t\t<span class=\"vblistroomcat\"><\/span>\n\t\t\t\t\t\t<div class=\"vbrowcdescr\">Esta habitaci\u00f3n doble cuenta con aire acondicionado, TV de pantalla plana con servicios de streaming y ba\u00f1o privado. No se admiten ni\u00f1os.<\/div>\n\t\t\t\t\t<\/div>\n\t\t\t\t\t\t\t\t\t<div class=\"roomlist_carats\">\n\t\t\t\t\t<div class=\"vbo-room-carats\">\n<span class=\"vbo-room-carat\"><span class=\"vbo-expl\" data-vbo-expl=\"WiFi\"><i class=\"fas fa-wifi vbo-icn-carat vbo-pref-color-text\"><\/i><\/span><\/span>\n<span class=\"vbo-room-carat\"><span class=\"vbo-expl\" data-vbo-expl=\"TV\"><i class=\"fas fa-tv vbo-icn-carat vbo-pref-color-text\"><\/i><\/span><\/span>\n<span class=\"vbo-room-carat\"><span class=\"vbo-expl\" data-vbo-expl=\"Aria condizionata\"><i class=\"fas fa-snowflake vbo-icn-carat vbo-pref-color-text\"><\/i><\/span><\/span>\n<span class=\"vbo-room-carat\"><span class=\"vbo-expl\" data-vbo-expl=\"Bagno\"><i class=\"fas fa-shower vbo-icn-carat vbo-pref-color-text\"><\/i><\/span><\/span>\n<span class=\"vbo-room-carat\"><span class=\"vbo-expl\" data-vbo-expl=\"Mini Bar\"><i class=\"fas fa-beer vbo-icn-carat vbo-pref-color-text\"><\/i><\/span><\/span>\n<span class=\"vbo-room-carat\"><span class=\"vbo-expl\" data-vbo-expl=\"Bollitore\"><i class=\"fas fa-mug-hot vbo-icn-carat\"><\/i><\/span><\/span>\n<span class=\"vbo-room-carat\"><span class=\"vbo-expl\" data-vbo-expl=\"15 m\u00b2\"><i class=\"fas fa-cube vbo-icn-carat\"><\/i><\/span><\/span>\n<span class=\"vbo-room-carat\"><span class=\"vbo-expl\" data-vbo-expl=\"Check-in: 14:00\u201317:00\"><i class=\"fas fa-clock\"><\/i><\/span><\/span>\n<span class=\"vbo-room-carat\"><span class=\"vbo-expl\" data-vbo-expl=\"Check-out: entro le 11:00\"><i class=\"fas fa-clock\"><\/i><\/span><\/span>\n<\/div>\n\t\t\t\t\t<\/div>\n\t\t\t\t\t\t\t\t\t<\/div>\n\t\t\t<\/div>\n\n\t\t\t<div class=\"vbcontdivtot\">\n\t\t\t\t<div class=\"vbdivtot\">\n\t\t\t\t\t<div class=\"vbdivtotinline\">\n\t\t\t\t\t\t<div class=\"vbsrowprice\">\n\t\t\t\t\t\t\t<div class=\"vbrowroomcapacity\">\n\t\t\t\t\t\t\t<i class=\"fas fa-male vbo-pref-color-text\"><\/i><i class=\"fas fa-male vbo-pref-color-text\"><\/i>\t\t\t\t\t\t\t<\/div>\n\t\t\t\t\t\t\t\t\t\t<div class=\"vbsrowpricediv\">\n\t\t\t\t\t\t\t\t<span class=\"room_cost\"><span class=\"vbo_currency\">\u20ac<\/span> <span class=\"vbo_price\">145<\/span><\/span>\n\t\t\t\t\t\t\t\t<span class=\"vbliststartfrom\">de noche<\/span>\n\t\t\t\t\t\t\t\t\t\t\t\t\t\t\t\t<div class=\"vbliststartfrom-subtxt\">Tasa tur\u00edstica de 4,50 euros por persona y d\u00eda no incluida.<\/div>\n\t\t\t\t\t\t\t\t\t\t\t\t\t\t\t\t<\/div>\n\t\t\t\t\t\t\n\t\t\t\t\t\t<\/div>\n\t\t\t\t\t\t<div class=\"vbselectordiv\">\n\t\t\t\t\t\t\t<div class=\"vbselectr\">\n\t\t\t\t\t\t\t\t<a class=\"btn vbo-pref-color-btn\" href=\"http:\/\/bedandmuseum.com\/es\/habitacion-doble-pequena\/\">Detalles<\/a>\n\t\t\t\t\t\t\t<\/div>\n\t\t\t\t\t\t<\/div>\t\t\t\n\t\t\t\t\t<\/div>\n\t\t\t\t<\/div>\n\t\t\t<\/div>\n\t\t<\/div>\n\t<\/li>\n\t\t<li class=\"room_result\">\n\t\t<div class=\"room_result-inner\">\n\t\t\t<div class=\"vblistroomblock\">\n\t\t\t\t\t\t\t<div class=\"vbimglistdiv\">\n\t\t\t\t\t<a class=\"vbo-roomslist-imglink\" href=\"http:\/\/bedandmuseum.com\/es\/habitacion-doble-estandar\/\">\n\t\t\t\t\t\t<img decoding=\"async\" src=\"http:\/\/bedandmuseum.com\/wp-content\/plugins\/vikbooking\/site\/resources\/uploads\/1477360714.jpg\" alt=\"Habitaci\u00f3n Doble Est\u00e1ndar\" class=\"vblistimg\"\/>\n\t\t\t\t\t<\/a>\n\t\t\t\t\t\t\t\t\t<div class=\"vbmodalrdetails vbo-roomslist-opengallery-cont\">\n\t\t\t\t\t\t<a href=\"javascript: void(0);\" class=\"vbo-roomslist-opengallery\" data-roomid=\"2\"><i class=\"fas fa-camera\"><\/i><\/a>\n\t\t\t\t\t<\/div>\n\t\t\t\t\t<div class=\"vikfx-gallery\" id=\"vikfx-gallery2\" style=\"display: none;\">\n\t\t\t\t\t\t\t\t\t\t\t<a href=\"http:\/\/bedandmuseum.com\/wp-content\/plugins\/vikbooking\/site\/resources\/uploads\/big_477353445.jpg\" style=\"display: none;\">\n\t\t\t\t\t\t\t<img decoding=\"async\" src=\"http:\/\/bedandmuseum.com\/wp-content\/plugins\/vikbooking\/site\/resources\/uploads\/thumb_477353445.jpg\" alt=\"477353445\" title=\"\" style=\"display: none;\"\/>\n\t\t\t\t\t\t<\/a>\n\t\t\t\t\t\t\t\t\t\t\t\t<a href=\"http:\/\/bedandmuseum.com\/wp-content\/plugins\/vikbooking\/site\/resources\/uploads\/big_477352452.jpg\" style=\"display: none;\">\n\t\t\t\t\t\t\t<img decoding=\"async\" src=\"http:\/\/bedandmuseum.com\/wp-content\/plugins\/vikbooking\/site\/resources\/uploads\/thumb_477352452.jpg\" alt=\"477352452\" title=\"\" style=\"display: none;\"\/>\n\t\t\t\t\t\t<\/a>\n\t\t\t\t\t\t\t\t\t\t\t\t<a href=\"http:\/\/bedandmuseum.com\/wp-content\/plugins\/vikbooking\/site\/resources\/uploads\/big_1392477352323.jpg\" style=\"display: none;\">\n\t\t\t\t\t\t\t<img decoding=\"async\" src=\"http:\/\/bedandmuseum.com\/wp-content\/plugins\/vikbooking\/site\/resources\/uploads\/thumb_1392477352323.jpg\" alt=\"1392477352323\" title=\"\" style=\"display: none;\"\/>\n\t\t\t\t\t\t<\/a>\n\t\t\t\t\t\t\t\t\t\t\t\t<a href=\"http:\/\/bedandmuseum.com\/wp-content\/plugins\/vikbooking\/site\/resources\/uploads\/big_477352725.jpg\" style=\"display: none;\">\n\t\t\t\t\t\t\t<img decoding=\"async\" src=\"http:\/\/bedandmuseum.com\/wp-content\/plugins\/vikbooking\/site\/resources\/uploads\/thumb_477352725.jpg\" alt=\"477352725\" title=\"\" style=\"display: none;\"\/>\n\t\t\t\t\t\t<\/a>\n\t\t\t\t\t\t\t\t\t\t\t\t<a href=\"http:\/\/bedandmuseum.com\/wp-content\/plugins\/vikbooking\/site\/resources\/uploads\/big_477352521.jpg\" style=\"display: none;\">\n\t\t\t\t\t\t\t<img decoding=\"async\" src=\"http:\/\/bedandmuseum.com\/wp-content\/plugins\/vikbooking\/site\/resources\/uploads\/thumb_477352521.jpg\" alt=\"477352521\" title=\"\" style=\"display: none;\"\/>\n\t\t\t\t\t\t<\/a>\n\t\t\t\t\t\t\t\t\t\t\t\t<a href=\"http:\/\/bedandmuseum.com\/wp-content\/plugins\/vikbooking\/site\/resources\/uploads\/big_477352433.jpg\" style=\"display: none;\">\n\t\t\t\t\t\t\t<img decoding=\"async\" src=\"http:\/\/bedandmuseum.com\/wp-content\/plugins\/vikbooking\/site\/resources\/uploads\/thumb_477352433.jpg\" alt=\"477352433\" title=\"\" style=\"display: none;\"\/>\n\t\t\t\t\t\t<\/a>\n\t\t\t\t\t\t\t\t\t\t\t\t<a href=\"http:\/\/bedandmuseum.com\/wp-content\/plugins\/vikbooking\/site\/resources\/uploads\/big_477353445.jpg\" style=\"display: none;\">\n\t\t\t\t\t\t\t<img decoding=\"async\" src=\"http:\/\/bedandmuseum.com\/wp-content\/plugins\/vikbooking\/site\/resources\/uploads\/thumb_477353445.jpg\" alt=\"477353445\" title=\"\" style=\"display: none;\"\/>\n\t\t\t\t\t\t<\/a>\n\t\t\t\t\t\t\t\t\t\t\t\t<a href=\"http:\/\/bedandmuseum.com\/wp-content\/plugins\/vikbooking\/site\/resources\/uploads\/big_477353236.jpg\" style=\"display: none;\">\n\t\t\t\t\t\t\t<img decoding=\"async\" src=\"http:\/\/bedandmuseum.com\/wp-content\/plugins\/vikbooking\/site\/resources\/uploads\/thumb_477353236.jpg\" alt=\"477353236\" title=\"\" style=\"display: none;\"\/>\n\t\t\t\t\t\t<\/a>\n\t\t\t\t\t\t\t\t\t\t\t\t<a href=\"http:\/\/bedandmuseum.com\/wp-content\/plugins\/vikbooking\/site\/resources\/uploads\/big_477353445.jpg\" style=\"display: none;\">\n\t\t\t\t\t\t\t<img decoding=\"async\" src=\"http:\/\/bedandmuseum.com\/wp-content\/plugins\/vikbooking\/site\/resources\/uploads\/thumb_477353445.jpg\" alt=\"477353445\" title=\"\" style=\"display: none;\"\/>\n\t\t\t\t\t\t<\/a>\n\t\t\t\t\t\t\t\t\t\t\t<\/div>\n\t\t\t\t\t\t\t\t<\/div>\n\t\t\t\t\t\t\t<div class=\"vbo-info-room\">\n\t\t\t\t\t<div class=\"vbdescrlistdiv\">\n\t\t\t\t\t\t<h4 class=\"vbrowcname\">\n\t\t\t\t\t\t\t<a href=\"http:\/\/bedandmuseum.com\/es\/habitacion-doble-estandar\/\">Habitaci\u00f3n Doble Est\u00e1ndar<\/a>\n\t\t\t\t\t\t<\/h4>\n\t\t\t\t\t\t<span class=\"vblistroomcat\"><\/span>\n\t\t\t\t\t\t<div class=\"vbrowcdescr\">Esta habitaci\u00f3n doble cuenta con aire acondicionado, TV de pantalla plana con servicios de streaming y ba\u00f1o privado. No se admiten ni\u00f1os.<\/div>\n\t\t\t\t\t<\/div>\n\t\t\t\t\t\t\t\t\t<div class=\"roomlist_carats\">\n\t\t\t\t\t<div class=\"vbo-room-carats\">\n<span class=\"vbo-room-carat\"><span class=\"vbo-expl\" data-vbo-expl=\"WiFi\"><i class=\"fas fa-wifi vbo-icn-carat vbo-pref-color-text\"><\/i><\/span><\/span>\n<span class=\"vbo-room-carat\"><span class=\"vbo-expl\" data-vbo-expl=\"TV\"><i class=\"fas fa-tv vbo-icn-carat vbo-pref-color-text\"><\/i><\/span><\/span>\n<span class=\"vbo-room-carat\"><span class=\"vbo-expl\" data-vbo-expl=\"Aria condizionata\"><i class=\"fas fa-snowflake vbo-icn-carat vbo-pref-color-text\"><\/i><\/span><\/span>\n<span class=\"vbo-room-carat\"><span class=\"vbo-expl\" data-vbo-expl=\"Bagno\"><i class=\"fas fa-shower vbo-icn-carat vbo-pref-color-text\"><\/i><\/span><\/span>\n<span class=\"vbo-room-carat\"><span class=\"vbo-expl\" data-vbo-expl=\"Mini Bar\"><i class=\"fas fa-beer vbo-icn-carat vbo-pref-color-text\"><\/i><\/span><\/span>\n<span class=\"vbo-room-carat\"><span class=\"vbo-expl\" data-vbo-expl=\"Bollitore\"><i class=\"fas fa-mug-hot vbo-icn-carat\"><\/i><\/span><\/span>\n<span class=\"vbo-room-carat\"><span class=\"vbo-expl\" data-vbo-expl=\"25 m\u00b2\"><i class=\"fas fa-cube vbo-icn-carat\"><\/i><\/span><\/span>\n<span class=\"vbo-room-carat\"><span class=\"vbo-expl\" data-vbo-expl=\"Check-in: 14:00\u201317:00\"><i class=\"fas fa-clock\"><\/i><\/span><\/span>\n<span class=\"vbo-room-carat\"><span class=\"vbo-expl\" data-vbo-expl=\"Check-out: entro le 11:00\"><i class=\"fas fa-clock\"><\/i><\/span><\/span>\n<\/div>\n\t\t\t\t\t<\/div>\n\t\t\t\t\t\t\t\t\t<\/div>\n\t\t\t<\/div>\n\n\t\t\t<div class=\"vbcontdivtot\">\n\t\t\t\t<div class=\"vbdivtot\">\n\t\t\t\t\t<div class=\"vbdivtotinline\">\n\t\t\t\t\t\t<div class=\"vbsrowprice\">\n\t\t\t\t\t\t\t<div class=\"vbrowroomcapacity\">\n\t\t\t\t\t\t\t<i class=\"fas fa-male vbo-pref-color-text\"><\/i><i class=\"fas fa-male vbo-pref-color-text\"><\/i>\t\t\t\t\t\t\t<\/div>\n\t\t\t\t\t\t\t\t\t\t<div class=\"vbsrowpricediv\">\n\t\t\t\t\t\t\t\t<span class=\"room_cost\"><span class=\"vbo_currency\">\u20ac<\/span> <span class=\"vbo_price\">160<\/span><\/span>\n\t\t\t\t\t\t\t\t<span class=\"vbliststartfrom\">de noche<\/span>\n\t\t\t\t\t\t\t\t\t\t\t\t\t\t\t\t<div class=\"vbliststartfrom-subtxt\">Tasa tur\u00edstica de 4,50 euros por persona y d\u00eda no incluida.<\/div>\n\t\t\t\t\t\t\t\t\t\t\t\t\t\t\t\t<\/div>\n\t\t\t\t\t\t\n\t\t\t\t\t\t<\/div>\n\t\t\t\t\t\t<div class=\"vbselectordiv\">\n\t\t\t\t\t\t\t<div class=\"vbselectr\">\n\t\t\t\t\t\t\t\t<a class=\"btn vbo-pref-color-btn\" href=\"http:\/\/bedandmuseum.com\/es\/habitacion-doble-estandar\/\">Detalles<\/a>\n\t\t\t\t\t\t\t<\/div>\n\t\t\t\t\t\t<\/div>\t\t\t\n\t\t\t\t\t<\/div>\n\t\t\t\t<\/div>\n\t\t\t<\/div>\n\t\t<\/div>\n\t<\/li>\n\t<\/ul>\n<\/div>\n\n\n<\/div>","protected":false},"excerpt":{"rendered":"<p>Nuestras habitaciones, situadas en el marco hist\u00f3rico del Conjunto Monumental Santa Mar\u00eda La Nova, ofrecen una experiencia \u00fanica, combinando las comodidades modernas con un ambiente rico en historia y arte. Por favor, tenga en cuenta que todas las habitaciones est\u00e1n situadas en la tercera planta del edificio y, preservando la integridad de nuestro edificio hist\u00f3rico, no disponemos de ascensor. Le invitamos a ... <\/p>\n<p class=\"link-more\"><a href=\"http:\/\/bedandmuseum.com\/es\/nuestras-habitaciones\/\" class=\"more-link\"><span class=\"screen-reader-text\"> pruebe 'NUESTRAS HABITACIONES<\/span><\/a><\/p>","protected":false},"author":1,"featured_media":305,"parent":0,"menu_order":0,"comment_status":"closed","ping_status":"closed","template":"page-templates\/page-uppersidebar.php","meta":{"footnotes":""},"class_list":["post-25","page","type-page","status-publish","has-post-thumbnail","hentry"],"yoast_head":"<!-- This site is optimized with the Yoast SEO plugin v27.5 - https:\/\/yoast.com\/product\/yoast-seo-wordpress\/ -->\n<title>LE NOSTRE CAMERE - La Nova Bed&amp;Museum<\/title>\n<meta name=\"robots\" content=\"index, follow, max-snippet:-1, max-image-preview:large, max-video-preview:-1\" \/>\n<link rel=\"canonical\" href=\"http:\/\/bedandmuseum.com\/es\/nuestras-habitaciones\/\" \/>\n<meta property=\"og:locale\" content=\"es_ES\" \/>\n<meta property=\"og:type\" content=\"article\" \/>\n<meta property=\"og:title\" content=\"LE NOSTRE CAMERE - La Nova Bed&amp;Museum\" \/>\n<meta property=\"og:description\" content=\"Le nostre camere, situate nel contesto storico del Complesso Monumentale di Santa Maria La Nova, offrono un&#039;esperienza unica, combinando comfort moderni con un&#039;atmosfera ricca di storia e arte. Vi informiamo che tutte le camere si trovano al terzo piano della struttura e, preservando l&#039;integrit\u00e0 del nostro edificio storico, non disponiamo di un ascensore. Invitiamo i &hellip; prova &quot;LE NOSTRE CAMERE&quot;\" \/>\n<meta property=\"og:url\" content=\"http:\/\/bedandmuseum.com\/es\/nuestras-habitaciones\/\" \/>\n<meta property=\"og:site_name\" content=\"La Nova Bed&amp;Museum\" \/>\n<meta property=\"article:publisher\" content=\"https:\/\/www.facebook.com\/complessomonumentaledisantamarialanova\/\" \/>\n<meta property=\"article:modified_time\" content=\"2024-05-09T16:45:26+00:00\" \/>\n<meta property=\"og:image\" content=\"https:\/\/bedandmuseum.com\/wp-content\/uploads\/2024\/05\/CAMERE-1.jpg\" \/>\n\t<meta property=\"og:image:width\" content=\"1920\" \/>\n\t<meta property=\"og:image:height\" content=\"1276\" \/>\n\t<meta property=\"og:image:type\" content=\"image\/jpeg\" \/>\n<meta name=\"twitter:card\" content=\"summary_large_image\" \/>\n<meta name=\"twitter:label1\" content=\"Tiempo de lectura\" \/>\n\t<meta name=\"twitter:data1\" content=\"1 minuto\" \/>\n<script type=\"application\/ld+json\" class=\"yoast-schema-graph\">{\"@context\":\"https:\\\/\\\/schema.org\",\"@graph\":[{\"@type\":\"WebPage\",\"@id\":\"https:\\\/\\\/bedandmuseum.com\\\/le-nostre-camere\\\/\",\"url\":\"https:\\\/\\\/bedandmuseum.com\\\/le-nostre-camere\\\/\",\"name\":\"LE NOSTRE CAMERE - La Nova Bed&amp;Museum\",\"isPartOf\":{\"@id\":\"https:\\\/\\\/bedandmuseum.com\\\/#website\"},\"primaryImageOfPage\":{\"@id\":\"https:\\\/\\\/bedandmuseum.com\\\/le-nostre-camere\\\/#primaryimage\"},\"image\":{\"@id\":\"https:\\\/\\\/bedandmuseum.com\\\/le-nostre-camere\\\/#primaryimage\"},\"thumbnailUrl\":\"https:\\\/\\\/bedandmuseum.com\\\/wp-content\\\/uploads\\\/2024\\\/05\\\/CAMERE-1.jpg\",\"datePublished\":\"2024-04-24T10:43:16+00:00\",\"dateModified\":\"2024-05-09T16:45:26+00:00\",\"breadcrumb\":{\"@id\":\"https:\\\/\\\/bedandmuseum.com\\\/le-nostre-camere\\\/#breadcrumb\"},\"inLanguage\":\"es\",\"potentialAction\":[{\"@type\":\"ReadAction\",\"target\":[\"https:\\\/\\\/bedandmuseum.com\\\/le-nostre-camere\\\/\"]}]},{\"@type\":\"ImageObject\",\"inLanguage\":\"es\",\"@id\":\"https:\\\/\\\/bedandmuseum.com\\\/le-nostre-camere\\\/#primaryimage\",\"url\":\"https:\\\/\\\/bedandmuseum.com\\\/wp-content\\\/uploads\\\/2024\\\/05\\\/CAMERE-1.jpg\",\"contentUrl\":\"https:\\\/\\\/bedandmuseum.com\\\/wp-content\\\/uploads\\\/2024\\\/05\\\/CAMERE-1.jpg\",\"width\":1920,\"height\":1276},{\"@type\":\"BreadcrumbList\",\"@id\":\"https:\\\/\\\/bedandmuseum.com\\\/le-nostre-camere\\\/#breadcrumb\",\"itemListElement\":[{\"@type\":\"ListItem\",\"position\":1,\"name\":\"Home\",\"item\":\"https:\\\/\\\/bedandmuseum.com\\\/\"},{\"@type\":\"ListItem\",\"position\":2,\"name\":\"LE NOSTRE CAMERE\"}]},{\"@type\":\"WebSite\",\"@id\":\"https:\\\/\\\/bedandmuseum.com\\\/#website\",\"url\":\"https:\\\/\\\/bedandmuseum.com\\\/\",\"name\":\"La Nova Bed&Museum\",\"description\":\"Un Rifugio d&#039;Arte e Storia nel Cuore di Napoli\",\"publisher\":{\"@id\":\"https:\\\/\\\/bedandmuseum.com\\\/#organization\"},\"potentialAction\":[{\"@type\":\"SearchAction\",\"target\":{\"@type\":\"EntryPoint\",\"urlTemplate\":\"https:\\\/\\\/bedandmuseum.com\\\/?s={search_term_string}\"},\"query-input\":{\"@type\":\"PropertyValueSpecification\",\"valueRequired\":true,\"valueName\":\"search_term_string\"}}],\"inLanguage\":\"es\"},{\"@type\":\"Organization\",\"@id\":\"https:\\\/\\\/bedandmuseum.com\\\/#organization\",\"name\":\"La Nova Bed&Museum\",\"url\":\"https:\\\/\\\/bedandmuseum.com\\\/\",\"logo\":{\"@type\":\"ImageObject\",\"inLanguage\":\"es\",\"@id\":\"https:\\\/\\\/bedandmuseum.com\\\/#\\\/schema\\\/logo\\\/image\\\/\",\"url\":\"https:\\\/\\\/bedandmuseum.com\\\/wp-content\\\/uploads\\\/2024\\\/04\\\/cropped-icon-512.png\",\"contentUrl\":\"https:\\\/\\\/bedandmuseum.com\\\/wp-content\\\/uploads\\\/2024\\\/04\\\/cropped-icon-512.png\",\"width\":512,\"height\":512,\"caption\":\"La Nova Bed&Museum\"},\"image\":{\"@id\":\"https:\\\/\\\/bedandmuseum.com\\\/#\\\/schema\\\/logo\\\/image\\\/\"},\"sameAs\":[\"https:\\\/\\\/www.facebook.com\\\/complessomonumentaledisantamarialanova\\\/\",\"https:\\\/\\\/www.instagram.com\\\/complessosantamarialanova\\\/\"]}]}<\/script>\n<!-- \/ Yoast SEO plugin. -->","yoast_head_json":{"title":"LE NOSTRE CAMERE - La Nova Bed&amp;Museum","robots":{"index":"index","follow":"follow","max-snippet":"max-snippet:-1","max-image-preview":"max-image-preview:large","max-video-preview":"max-video-preview:-1"},"canonical":"http:\/\/bedandmuseum.com\/es\/nuestras-habitaciones\/","og_locale":"es_ES","og_type":"article","og_title":"LE NOSTRE CAMERE - La Nova Bed&amp;Museum","og_description":"Le nostre camere, situate nel contesto storico del Complesso Monumentale di Santa Maria La Nova, offrono un'esperienza unica, combinando comfort moderni con un'atmosfera ricca di storia e arte. Vi informiamo che tutte le camere si trovano al terzo piano della struttura e, preservando l'integrit\u00e0 del nostro edificio storico, non disponiamo di un ascensore. Invitiamo i &hellip; prova \"LE NOSTRE CAMERE\"","og_url":"http:\/\/bedandmuseum.com\/es\/nuestras-habitaciones\/","og_site_name":"La Nova Bed&amp;Museum","article_publisher":"https:\/\/www.facebook.com\/complessomonumentaledisantamarialanova\/","article_modified_time":"2024-05-09T16:45:26+00:00","og_image":[{"width":1920,"height":1276,"url":"https:\/\/bedandmuseum.com\/wp-content\/uploads\/2024\/05\/CAMERE-1.jpg","type":"image\/jpeg"}],"twitter_card":"summary_large_image","twitter_misc":{"Tiempo de lectura":"1 minuto"},"schema":{"@context":"https:\/\/schema.org","@graph":[{"@type":"WebPage","@id":"https:\/\/bedandmuseum.com\/le-nostre-camere\/","url":"https:\/\/bedandmuseum.com\/le-nostre-camere\/","name":"LE NOSTRE CAMERE - La Nova Bed&amp;Museum","isPartOf":{"@id":"https:\/\/bedandmuseum.com\/#website"},"primaryImageOfPage":{"@id":"https:\/\/bedandmuseum.com\/le-nostre-camere\/#primaryimage"},"image":{"@id":"https:\/\/bedandmuseum.com\/le-nostre-camere\/#primaryimage"},"thumbnailUrl":"https:\/\/bedandmuseum.com\/wp-content\/uploads\/2024\/05\/CAMERE-1.jpg","datePublished":"2024-04-24T10:43:16+00:00","dateModified":"2024-05-09T16:45:26+00:00","breadcrumb":{"@id":"https:\/\/bedandmuseum.com\/le-nostre-camere\/#breadcrumb"},"inLanguage":"es","potentialAction":[{"@type":"ReadAction","target":["https:\/\/bedandmuseum.com\/le-nostre-camere\/"]}]},{"@type":"ImageObject","inLanguage":"es","@id":"https:\/\/bedandmuseum.com\/le-nostre-camere\/#primaryimage","url":"https:\/\/bedandmuseum.com\/wp-content\/uploads\/2024\/05\/CAMERE-1.jpg","contentUrl":"https:\/\/bedandmuseum.com\/wp-content\/uploads\/2024\/05\/CAMERE-1.jpg","width":1920,"height":1276},{"@type":"BreadcrumbList","@id":"https:\/\/bedandmuseum.com\/le-nostre-camere\/#breadcrumb","itemListElement":[{"@type":"ListItem","position":1,"name":"Home","item":"https:\/\/bedandmuseum.com\/"},{"@type":"ListItem","position":2,"name":"LE NOSTRE CAMERE"}]},{"@type":"WebSite","@id":"https:\/\/bedandmuseum.com\/#website","url":"https:\/\/bedandmuseum.com\/","name":"La Nova Bed&Museum","description":"Un Rifugio d&#039;Arte e Storia nel Cuore di Napoli","publisher":{"@id":"https:\/\/bedandmuseum.com\/#organization"},"potentialAction":[{"@type":"SearchAction","target":{"@type":"EntryPoint","urlTemplate":"https:\/\/bedandmuseum.com\/?s={search_term_string}"},"query-input":{"@type":"PropertyValueSpecification","valueRequired":true,"valueName":"search_term_string"}}],"inLanguage":"es"},{"@type":"Organization","@id":"https:\/\/bedandmuseum.com\/#organization","name":"La Nova Bed&Museum","url":"https:\/\/bedandmuseum.com\/","logo":{"@type":"ImageObject","inLanguage":"es","@id":"https:\/\/bedandmuseum.com\/#\/schema\/logo\/image\/","url":"https:\/\/bedandmuseum.com\/wp-content\/uploads\/2024\/04\/cropped-icon-512.png","contentUrl":"https:\/\/bedandmuseum.com\/wp-content\/uploads\/2024\/04\/cropped-icon-512.png","width":512,"height":512,"caption":"La Nova Bed&Museum"},"image":{"@id":"https:\/\/bedandmuseum.com\/#\/schema\/logo\/image\/"},"sameAs":["https:\/\/www.facebook.com\/complessomonumentaledisantamarialanova\/","https:\/\/www.instagram.com\/complessosantamarialanova\/"]}]}},"_links":{"self":[{"href":"http:\/\/bedandmuseum.com\/es\/wp-json\/wp\/v2\/pages\/25","targetHints":{"allow":["GET"]}}],"collection":[{"href":"http:\/\/bedandmuseum.com\/es\/wp-json\/wp\/v2\/pages"}],"about":[{"href":"http:\/\/bedandmuseum.com\/es\/wp-json\/wp\/v2\/types\/page"}],"author":[{"embeddable":true,"href":"http:\/\/bedandmuseum.com\/es\/wp-json\/wp\/v2\/users\/1"}],"replies":[{"embeddable":true,"href":"http:\/\/bedandmuseum.com\/es\/wp-json\/wp\/v2\/comments?post=25"}],"version-history":[{"count":5,"href":"http:\/\/bedandmuseum.com\/es\/wp-json\/wp\/v2\/pages\/25\/revisions"}],"predecessor-version":[{"id":345,"href":"http:\/\/bedandmuseum.com\/es\/wp-json\/wp\/v2\/pages\/25\/revisions\/345"}],"wp:featuredmedia":[{"embeddable":true,"href":"http:\/\/bedandmuseum.com\/es\/wp-json\/wp\/v2\/media\/305"}],"wp:attachment":[{"href":"http:\/\/bedandmuseum.com\/es\/wp-json\/wp\/v2\/media?parent=25"}],"curies":[{"name":"wp","href":"https:\/\/api.w.org\/{rel}","templated":true}]}}