{"id":21,"date":"2024-04-24T10:43:13","date_gmt":"2024-04-24T10:43:13","guid":{"rendered":"https:\/\/bedandmuseum.com\/about-us\/"},"modified":"2024-05-07T16:11:50","modified_gmt":"2024-05-07T16:11:50","slug":"chi-siamo","status":"publish","type":"page","link":"http:\/\/bedandmuseum.com\/fr\/qui-nous-sommes\/","title":{"rendered":"QUI SOMMES-NOUS ?"},"content":{"rendered":"<h3 class=\"font-light\" style=\"margin-bottom: 0px; text-align: center;\">La Nova Bed &amp; Museum<\/h3>\n\n\n\n<h4 class=\"wp-block-heading has-text-align-center text-color font-light\"><em>L\u00e0 o\u00f9 l'histoire et le confort se rencontrent<\/em><\/h4>\n\n\n\n<p class=\"has-text-align-center\"><\/p>\n\n\n\n<p>Bienvenue \u00e0 <strong>La Nova Bed &amp; Museum<\/strong> au c\u0153ur de Naples, o\u00f9 l'histoire, l'art et le confort moderne s'unissent pour vous offrir une exp\u00e9rience de vacances unique. Situ\u00e9 dans le Complesso Monumentale di Santa Maria La Nova, c'est un refuge parfait pour les amateurs de culture et pour ceux qui souhaitent d\u00e9couvrir la beaut\u00e9 de Naples.<\/p>\n\n\n\n<p>L'ensemble monumental de Santa Maria La Nova est un joyau de l'architecture angevine, datant de 1279, qui a subi de nombreuses transformations artistiques au cours des si\u00e8cles. Ce contexte historique extraordinaire constitue la toile de fond d'une exp\u00e9rience de vacances sans pareille, o\u00f9 chaque d\u00e9tail a \u00e9t\u00e9 soign\u00e9 pour offrir \u00e0 nos h\u00f4tes un m\u00e9lange parfait de tradition et de modernit\u00e9.<\/p>\n\n\n\n<p>Notre situation centrale vous permet d'explorer facilement les principales attractions de Naples, telles que le mus\u00e9e de la chapelle Sansevero, le th\u00e9\u00e2tre San Carlo et le Castel dell'Ovo.<\/p>\n\n\n\n<p>Nous sommes pr\u00eats \u00e0 vous accueillir <strong>La Nova Bed &amp; Museum<\/strong> et vous faire vivre un s\u00e9jour unique au c\u0153ur de Naples.<\/p>","protected":false},"excerpt":{"rendered":"<p>La Nova Bed &amp; Museum O\u00f9 l'histoire et le confort se rencontrent Bienvenue \u00e0 La Nova Bed &amp; Museum au c\u0153ur de Naples, o\u00f9 l'histoire, l'art et le confort moderne s'unissent pour vous offrir une exp\u00e9rience de vacances unique. Situ\u00e9 dans le complexe monumental de Santa Maria La Nova, c'est le lieu de retraite id\u00e9al pour les amoureux ... <\/p>\n<p class=\"link-more\"><a href=\"http:\/\/bedandmuseum.com\/fr\/qui-nous-sommes\/\" class=\"more-link\"><span class=\"screen-reader-text\"> essayez 'A PROPOS DE NOUS<\/span><\/a><\/p>","protected":false},"author":1,"featured_media":189,"parent":0,"menu_order":0,"comment_status":"closed","ping_status":"closed","template":"page-templates\/page-about.php","meta":{"footnotes":""},"class_list":["post-21","page","type-page","status-publish","has-post-thumbnail","hentry"],"yoast_head":"<!-- This site is optimized with the Yoast SEO plugin v27.5 - https:\/\/yoast.com\/product\/yoast-seo-wordpress\/ -->\n<title>CHI SIAMO - La Nova Bed&amp;Museum<\/title>\n<meta name=\"description\" content=\"Scopri La Nova Bed &amp; Museum, un bed and breakfast storico nel cuore di Napoli. Vivi un&#039;esperienza culturale unica tra arte, storia e comfort moderni, a pochi passi dalle principali attrazioni della citt\u00e0.\" \/>\n<meta name=\"robots\" content=\"index, follow, max-snippet:-1, max-image-preview:large, max-video-preview:-1\" \/>\n<link rel=\"canonical\" href=\"http:\/\/bedandmuseum.com\/fr\/qui-nous-sommes\/\" \/>\n<meta property=\"og:locale\" content=\"fr_FR\" \/>\n<meta property=\"og:type\" content=\"article\" \/>\n<meta property=\"og:title\" content=\"CHI SIAMO - La Nova Bed&amp;Museum\" \/>\n<meta property=\"og:description\" content=\"Scopri La Nova Bed &amp; Museum, un bed and breakfast storico nel cuore di Napoli. Vivi un&#039;esperienza culturale unica tra arte, storia e comfort moderni, a pochi passi dalle principali attrazioni della citt\u00e0.\" \/>\n<meta property=\"og:url\" content=\"http:\/\/bedandmuseum.com\/fr\/qui-nous-sommes\/\" \/>\n<meta property=\"og:site_name\" content=\"La Nova Bed&amp;Museum\" \/>\n<meta property=\"article:publisher\" content=\"https:\/\/www.facebook.com\/complessomonumentaledisantamarialanova\/\" \/>\n<meta property=\"article:modified_time\" content=\"2024-05-07T16:11:50+00:00\" \/>\n<meta property=\"og:image\" content=\"https:\/\/bedandmuseum.com\/wp-content\/uploads\/2024\/05\/LA-NOVA-BED-AND-MUSEUM-chi-siamo.jpg\" \/>\n\t<meta property=\"og:image:width\" content=\"1685\" \/>\n\t<meta property=\"og:image:height\" content=\"800\" \/>\n\t<meta property=\"og:image:type\" content=\"image\/jpeg\" \/>\n<meta name=\"twitter:card\" content=\"summary_large_image\" \/>\n<meta name=\"twitter:label1\" content=\"Dur\u00e9e de lecture estim\u00e9e\" \/>\n\t<meta name=\"twitter:data1\" content=\"2 minutes\" \/>\n<script type=\"application\/ld+json\" class=\"yoast-schema-graph\">{\"@context\":\"https:\\\/\\\/schema.org\",\"@graph\":[{\"@type\":\"WebPage\",\"@id\":\"https:\\\/\\\/bedandmuseum.com\\\/chi-siamo\\\/\",\"url\":\"https:\\\/\\\/bedandmuseum.com\\\/chi-siamo\\\/\",\"name\":\"CHI SIAMO - La Nova Bed&amp;Museum\",\"isPartOf\":{\"@id\":\"https:\\\/\\\/bedandmuseum.com\\\/#website\"},\"primaryImageOfPage\":{\"@id\":\"https:\\\/\\\/bedandmuseum.com\\\/chi-siamo\\\/#primaryimage\"},\"image\":{\"@id\":\"https:\\\/\\\/bedandmuseum.com\\\/chi-siamo\\\/#primaryimage\"},\"thumbnailUrl\":\"https:\\\/\\\/bedandmuseum.com\\\/wp-content\\\/uploads\\\/2024\\\/05\\\/LA-NOVA-BED-AND-MUSEUM-chi-siamo.jpg\",\"datePublished\":\"2024-04-24T10:43:13+00:00\",\"dateModified\":\"2024-05-07T16:11:50+00:00\",\"description\":\"Scopri La Nova Bed & Museum, un bed and breakfast storico nel cuore di Napoli. Vivi un'esperienza culturale unica tra arte, storia e comfort moderni, a pochi passi dalle principali attrazioni della citt\u00e0.\",\"breadcrumb\":{\"@id\":\"https:\\\/\\\/bedandmuseum.com\\\/chi-siamo\\\/#breadcrumb\"},\"inLanguage\":\"fr-FR\",\"potentialAction\":[{\"@type\":\"ReadAction\",\"target\":[\"https:\\\/\\\/bedandmuseum.com\\\/chi-siamo\\\/\"]}]},{\"@type\":\"ImageObject\",\"inLanguage\":\"fr-FR\",\"@id\":\"https:\\\/\\\/bedandmuseum.com\\\/chi-siamo\\\/#primaryimage\",\"url\":\"https:\\\/\\\/bedandmuseum.com\\\/wp-content\\\/uploads\\\/2024\\\/05\\\/LA-NOVA-BED-AND-MUSEUM-chi-siamo.jpg\",\"contentUrl\":\"https:\\\/\\\/bedandmuseum.com\\\/wp-content\\\/uploads\\\/2024\\\/05\\\/LA-NOVA-BED-AND-MUSEUM-chi-siamo.jpg\",\"width\":1685,\"height\":800},{\"@type\":\"BreadcrumbList\",\"@id\":\"https:\\\/\\\/bedandmuseum.com\\\/chi-siamo\\\/#breadcrumb\",\"itemListElement\":[{\"@type\":\"ListItem\",\"position\":1,\"name\":\"Home\",\"item\":\"https:\\\/\\\/bedandmuseum.com\\\/\"},{\"@type\":\"ListItem\",\"position\":2,\"name\":\"CHI SIAMO\"}]},{\"@type\":\"WebSite\",\"@id\":\"https:\\\/\\\/bedandmuseum.com\\\/#website\",\"url\":\"https:\\\/\\\/bedandmuseum.com\\\/\",\"name\":\"La Nova Bed&Museum\",\"description\":\"Un Rifugio d&#039;Arte e Storia nel Cuore di Napoli\",\"publisher\":{\"@id\":\"https:\\\/\\\/bedandmuseum.com\\\/#organization\"},\"potentialAction\":[{\"@type\":\"SearchAction\",\"target\":{\"@type\":\"EntryPoint\",\"urlTemplate\":\"https:\\\/\\\/bedandmuseum.com\\\/?s={search_term_string}\"},\"query-input\":{\"@type\":\"PropertyValueSpecification\",\"valueRequired\":true,\"valueName\":\"search_term_string\"}}],\"inLanguage\":\"fr-FR\"},{\"@type\":\"Organization\",\"@id\":\"https:\\\/\\\/bedandmuseum.com\\\/#organization\",\"name\":\"La Nova Bed&Museum\",\"url\":\"https:\\\/\\\/bedandmuseum.com\\\/\",\"logo\":{\"@type\":\"ImageObject\",\"inLanguage\":\"fr-FR\",\"@id\":\"https:\\\/\\\/bedandmuseum.com\\\/#\\\/schema\\\/logo\\\/image\\\/\",\"url\":\"https:\\\/\\\/bedandmuseum.com\\\/wp-content\\\/uploads\\\/2024\\\/04\\\/cropped-icon-512.png\",\"contentUrl\":\"https:\\\/\\\/bedandmuseum.com\\\/wp-content\\\/uploads\\\/2024\\\/04\\\/cropped-icon-512.png\",\"width\":512,\"height\":512,\"caption\":\"La Nova Bed&Museum\"},\"image\":{\"@id\":\"https:\\\/\\\/bedandmuseum.com\\\/#\\\/schema\\\/logo\\\/image\\\/\"},\"sameAs\":[\"https:\\\/\\\/www.facebook.com\\\/complessomonumentaledisantamarialanova\\\/\",\"https:\\\/\\\/www.instagram.com\\\/complessosantamarialanova\\\/\"]}]}<\/script>\n<!-- \/ Yoast SEO plugin. -->","yoast_head_json":{"title":"CHI SIAMO - La Nova Bed&amp;Museum","description":"Scopri La Nova Bed & Museum, un bed and breakfast storico nel cuore di Napoli. Vivi un'esperienza culturale unica tra arte, storia e comfort moderni, a pochi passi dalle principali attrazioni della citt\u00e0.","robots":{"index":"index","follow":"follow","max-snippet":"max-snippet:-1","max-image-preview":"max-image-preview:large","max-video-preview":"max-video-preview:-1"},"canonical":"http:\/\/bedandmuseum.com\/fr\/qui-nous-sommes\/","og_locale":"fr_FR","og_type":"article","og_title":"CHI SIAMO - La Nova Bed&amp;Museum","og_description":"Scopri La Nova Bed & Museum, un bed and breakfast storico nel cuore di Napoli. Vivi un'esperienza culturale unica tra arte, storia e comfort moderni, a pochi passi dalle principali attrazioni della citt\u00e0.","og_url":"http:\/\/bedandmuseum.com\/fr\/qui-nous-sommes\/","og_site_name":"La Nova Bed&amp;Museum","article_publisher":"https:\/\/www.facebook.com\/complessomonumentaledisantamarialanova\/","article_modified_time":"2024-05-07T16:11:50+00:00","og_image":[{"width":1685,"height":800,"url":"https:\/\/bedandmuseum.com\/wp-content\/uploads\/2024\/05\/LA-NOVA-BED-AND-MUSEUM-chi-siamo.jpg","type":"image\/jpeg"}],"twitter_card":"summary_large_image","twitter_misc":{"Dur\u00e9e de lecture estim\u00e9e":"2 minutes"},"schema":{"@context":"https:\/\/schema.org","@graph":[{"@type":"WebPage","@id":"https:\/\/bedandmuseum.com\/chi-siamo\/","url":"https:\/\/bedandmuseum.com\/chi-siamo\/","name":"CHI SIAMO - La Nova Bed&amp;Museum","isPartOf":{"@id":"https:\/\/bedandmuseum.com\/#website"},"primaryImageOfPage":{"@id":"https:\/\/bedandmuseum.com\/chi-siamo\/#primaryimage"},"image":{"@id":"https:\/\/bedandmuseum.com\/chi-siamo\/#primaryimage"},"thumbnailUrl":"https:\/\/bedandmuseum.com\/wp-content\/uploads\/2024\/05\/LA-NOVA-BED-AND-MUSEUM-chi-siamo.jpg","datePublished":"2024-04-24T10:43:13+00:00","dateModified":"2024-05-07T16:11:50+00:00","description":"Scopri La Nova Bed & Museum, un bed and breakfast storico nel cuore di Napoli. Vivi un'esperienza culturale unica tra arte, storia e comfort moderni, a pochi passi dalle principali attrazioni della citt\u00e0.","breadcrumb":{"@id":"https:\/\/bedandmuseum.com\/chi-siamo\/#breadcrumb"},"inLanguage":"fr-FR","potentialAction":[{"@type":"ReadAction","target":["https:\/\/bedandmuseum.com\/chi-siamo\/"]}]},{"@type":"ImageObject","inLanguage":"fr-FR","@id":"https:\/\/bedandmuseum.com\/chi-siamo\/#primaryimage","url":"https:\/\/bedandmuseum.com\/wp-content\/uploads\/2024\/05\/LA-NOVA-BED-AND-MUSEUM-chi-siamo.jpg","contentUrl":"https:\/\/bedandmuseum.com\/wp-content\/uploads\/2024\/05\/LA-NOVA-BED-AND-MUSEUM-chi-siamo.jpg","width":1685,"height":800},{"@type":"BreadcrumbList","@id":"https:\/\/bedandmuseum.com\/chi-siamo\/#breadcrumb","itemListElement":[{"@type":"ListItem","position":1,"name":"Home","item":"https:\/\/bedandmuseum.com\/"},{"@type":"ListItem","position":2,"name":"CHI SIAMO"}]},{"@type":"WebSite","@id":"https:\/\/bedandmuseum.com\/#website","url":"https:\/\/bedandmuseum.com\/","name":"La Nova Bed&Museum","description":"Un Rifugio d&#039;Arte e Storia nel Cuore di Napoli","publisher":{"@id":"https:\/\/bedandmuseum.com\/#organization"},"potentialAction":[{"@type":"SearchAction","target":{"@type":"EntryPoint","urlTemplate":"https:\/\/bedandmuseum.com\/?s={search_term_string}"},"query-input":{"@type":"PropertyValueSpecification","valueRequired":true,"valueName":"search_term_string"}}],"inLanguage":"fr-FR"},{"@type":"Organization","@id":"https:\/\/bedandmuseum.com\/#organization","name":"La Nova Bed&Museum","url":"https:\/\/bedandmuseum.com\/","logo":{"@type":"ImageObject","inLanguage":"fr-FR","@id":"https:\/\/bedandmuseum.com\/#\/schema\/logo\/image\/","url":"https:\/\/bedandmuseum.com\/wp-content\/uploads\/2024\/04\/cropped-icon-512.png","contentUrl":"https:\/\/bedandmuseum.com\/wp-content\/uploads\/2024\/04\/cropped-icon-512.png","width":512,"height":512,"caption":"La Nova Bed&Museum"},"image":{"@id":"https:\/\/bedandmuseum.com\/#\/schema\/logo\/image\/"},"sameAs":["https:\/\/www.facebook.com\/complessomonumentaledisantamarialanova\/","https:\/\/www.instagram.com\/complessosantamarialanova\/"]}]}},"_links":{"self":[{"href":"http:\/\/bedandmuseum.com\/fr\/wp-json\/wp\/v2\/pages\/21","targetHints":{"allow":["GET"]}}],"collection":[{"href":"http:\/\/bedandmuseum.com\/fr\/wp-json\/wp\/v2\/pages"}],"about":[{"href":"http:\/\/bedandmuseum.com\/fr\/wp-json\/wp\/v2\/types\/page"}],"author":[{"embeddable":true,"href":"http:\/\/bedandmuseum.com\/fr\/wp-json\/wp\/v2\/users\/1"}],"replies":[{"embeddable":true,"href":"http:\/\/bedandmuseum.com\/fr\/wp-json\/wp\/v2\/comments?post=21"}],"version-history":[{"count":9,"href":"http:\/\/bedandmuseum.com\/fr\/wp-json\/wp\/v2\/pages\/21\/revisions"}],"predecessor-version":[{"id":318,"href":"http:\/\/bedandmuseum.com\/fr\/wp-json\/wp\/v2\/pages\/21\/revisions\/318"}],"wp:featuredmedia":[{"embeddable":true,"href":"http:\/\/bedandmuseum.com\/fr\/wp-json\/wp\/v2\/media\/189"}],"wp:attachment":[{"href":"http:\/\/bedandmuseum.com\/fr\/wp-json\/wp\/v2\/media?parent=21"}],"curies":[{"name":"wp","href":"https:\/\/api.w.org\/{rel}","templated":true}]}}