{"id":34,"date":"2024-04-24T10:43:17","date_gmt":"2024-04-24T10:43:17","guid":{"rendered":"https:\/\/bedandmuseum.com\/contact-us\/"},"modified":"2024-05-06T17:22:23","modified_gmt":"2024-05-06T17:22:23","slug":"contattaci","status":"publish","type":"page","link":"https:\/\/bedandmuseum.com\/es\/contacto\/","title":{"rendered":"P\u00f3ngase en contacto con nosotros"},"content":{"rendered":"<div class=\"colored-icons\">\n<h3 style=\"text-align: center;\">LA NOVA BED &amp; MUSEUM<\/h3>\n<p style=\"text-align: center;\">Tiene alguna pregunta o desea m\u00e1s informaci\u00f3n sobre <strong>Casa Rural La Nova<\/strong>? Estamos aqu\u00ed para ayudarle. Tanto si est\u00e1 planeando unas vacaciones en N\u00e1poles como si necesita detalles espec\u00edficos sobre nuestro bed &amp; breakfast, nuestro equipo est\u00e1 listo para ayudarle. Puede ponerse en contacto con nosotros mediante el siguiente formulario o a trav\u00e9s de nuestros datos de contacto. Esperamos darle la bienvenida al coraz\u00f3n hist\u00f3rico de N\u00e1poles, donde el arte y la historia se unen para ofrecerle una estancia inolvidable.<\/p>\n<\/div>\n<p>\u00a0<\/p>\n\n<style id=\"wpforms-css-vars-165-block-e90429a1-2a5d-4dad-b730-e60f5d4dc630\">\n\t\t\t\t#wpforms-165.wpforms-block-e90429a1-2a5d-4dad-b730-e60f5d4dc630 {\n\t\t\t\t--wpforms-field-size-input-height: 43px;\n--wpforms-field-size-input-spacing: 15px;\n--wpforms-field-size-font-size: 16px;\n--wpforms-field-size-line-height: 19px;\n--wpforms-field-size-padding-h: 14px;\n--wpforms-field-size-checkbox-size: 16px;\n--wpforms-field-size-sublabel-spacing: 5px;\n--wpforms-field-size-icon-size: 1;\n--wpforms-label-size-font-size: 16px;\n--wpforms-label-size-line-height: 19px;\n--wpforms-label-size-sublabel-font-size: 14px;\n--wpforms-label-size-sublabel-line-height: 17px;\n--wpforms-button-size-font-size: 17px;\n--wpforms-button-size-height: 41px;\n--wpforms-button-size-padding-h: 15px;\n--wpforms-button-size-margin-top: 10px;\n\t\t\t}\n\t\t\t<\/style><div class=\"wpforms-container wpforms-container-full wpforms-block wpforms-block-e90429a1-2a5d-4dad-b730-e60f5d4dc630 wpforms-render-modern\" id=\"wpforms-165\"><form id=\"wpforms-form-165\" class=\"wpforms-validate wpforms-form wpforms-ajax-form\" data-formid=\"165\" method=\"post\" enctype=\"multipart\/form-data\" action=\"\/es\/wp-json\/wp\/v2\/pages\/34\" data-token=\"3ffdf6b1e0414fee95074c37c8622977\" data-token-time=\"1777575300\" data-trp-original-action=\"\/es\/wp-json\/wp\/v2\/pages\/34\"><noscript class=\"wpforms-error-noscript\">Por favor, active JavaScript en su navegador para completar este formulario.<\/noscript><div id=\"wpforms-error-noscript\" style=\"display: none;\">Por favor, active JavaScript en su navegador para completar este formulario.<\/div><div class=\"wpforms-field-container\"><div id=\"wpforms-165-field_0-container\" class=\"wpforms-field wpforms-field-name\" data-field-id=\"0\"><fieldset><legend class=\"wpforms-field-label\">Nombre <span class=\"wpforms-required-label\" aria-hidden=\"true\">*<\/span><\/legend><div class=\"wpforms-field-row wpforms-field-large\"><div class=\"wpforms-field-row-block wpforms-first wpforms-one-half\"><input type=\"text\" id=\"wpforms-165-field_0\" class=\"wpforms-field-name-first wpforms-field-required\" name=\"wpforms[fields][0][first]\" aria-errormessage=\"wpforms-165-field_0-error\" required><label for=\"wpforms-165-field_0\" class=\"wpforms-field-sublabel after\">Nombre<\/label><\/div><div class=\"wpforms-field-row-block wpforms-one-half\"><input type=\"text\" id=\"wpforms-165-field_0-last\" class=\"wpforms-field-name-last wpforms-field-required\" name=\"wpforms[fields][0][last]\" aria-errormessage=\"wpforms-165-field_0-last-error\" required><label for=\"wpforms-165-field_0-last\" class=\"wpforms-field-sublabel after\">Apellidos<\/label><\/div><\/div><\/fieldset><\/div><div id=\"wpforms-165-field_1-container\" class=\"wpforms-field wpforms-field-email\" data-field-id=\"1\"><label class=\"wpforms-field-label\" for=\"wpforms-165-field_1\">Correo electr\u00f3nico <span class=\"wpforms-required-label\" aria-hidden=\"true\">*<\/span><\/label><input type=\"email\" id=\"wpforms-165-field_1\" class=\"wpforms-field-large wpforms-field-required\" name=\"wpforms[fields][1]\" spellcheck=\"false\" aria-errormessage=\"wpforms-165-field_1-error\" required><\/div><div id=\"wpforms-165-field_4-container\" class=\"wpforms-field wpforms-field-number\" data-field-id=\"4\"><label class=\"wpforms-field-label\" for=\"wpforms-165-field_4\">Tel\u00e9fono <span class=\"wpforms-required-label\" aria-hidden=\"true\">*<\/span><\/label><input type=\"number\" id=\"wpforms-165-field_4\" class=\"wpforms-field-large wpforms-field-required\" name=\"wpforms[fields][4]\" step=\"any\" aria-errormessage=\"wpforms-165-field_4-error\" required><\/div><div id=\"wpforms-165-field_2-container\" class=\"wpforms-field wpforms-field-textarea\" data-field-id=\"2\"><label class=\"wpforms-field-label\" for=\"wpforms-165-field_2\">Mensaje <span class=\"wpforms-required-label\" aria-hidden=\"true\">*<\/span><\/label><textarea id=\"wpforms-165-field_2\" class=\"wpforms-field-medium wpforms-field-required\" name=\"wpforms[fields][2]\" aria-errormessage=\"wpforms-165-field_2-error\" required><\/textarea><\/div><div id=\"wpforms-165-field_3-container\" class=\"wpforms-field wpforms-field-gdpr-checkbox\" data-field-id=\"3\"><label class=\"wpforms-field-label\">Aceptaci\u00f3n del RGPD <span class=\"wpforms-required-label\" aria-hidden=\"true\">*<\/span><\/label><ul id=\"wpforms-165-field_3\" class=\"wpforms-field-required\"><li class=\"choice-1\"><input type=\"checkbox\" id=\"wpforms-165-field_3_1\" name=\"wpforms[fields][3][]\" value=\"Acconsento che questo sito conservi le informazioni inviate cos\u00ec che possano rispondere alla mia richiesta.\" aria-errormessage=\"wpforms-165-field_3_1-error\" required><label class=\"wpforms-field-label-inline\" for=\"wpforms-165-field_3_1\">Autorizo a este sitio a conservar la informaci\u00f3n enviada para que puedan responder a mi solicitud.<\/label><\/li><\/ul><\/div><\/div><!-- .wpforms-field-container --><div class=\"wpforms-submit-container\" ><input type=\"hidden\" name=\"wpforms[id]\" value=\"165\"><input type=\"hidden\" name=\"page_title\" value=\"\"><input type=\"hidden\" name=\"page_url\" value=\"https:\/\/bedandmuseum.com\/es\/wp-json\/wp\/v2\/pages\/34\"><input type=\"hidden\" name=\"url_referer\" value=\"\"><button type=\"submit\" name=\"wpforms[submit]\" id=\"wpforms-submit-165\" class=\"wpforms-submit\" data-alt-text=\"Invio in corso...\" data-submit-text=\"INVIA RICHIESTA\" aria-live=\"assertive\" value=\"wpforms-submit\">ENVIAR SOLICITUD<\/button><img loading=\"lazy\" decoding=\"async\" src=\"https:\/\/bedandmuseum.com\/wp-content\/plugins\/wpforms-lite\/assets\/images\/submit-spin.svg\" class=\"wpforms-submit-spinner\" style=\"display: none;\" width=\"26\" height=\"26\" alt=\"Cargando\"><\/div><input type=\"hidden\" name=\"trp-form-language\" value=\"es\"\/><\/form><\/div>  <!-- .wpforms-container -->","protected":false},"excerpt":{"rendered":"<p>LA NOVA BED &amp; MUSEUM \u00bfTiene alguna pregunta o desea m\u00e1s informaci\u00f3n sobre La Nova Bed &amp; Museum? Estamos aqu\u00ed para ayudarle. Si usted est\u00e1 planeando unas vacaciones en N\u00e1poles o necesita detalles espec\u00edficos acerca de nuestro bed &amp; breakfast, nuestro equipo est\u00e1 listo para ayudarle. Puede ponerse en contacto con nosotros a trav\u00e9s del siguiente formulario o ... <\/p>\n<p class=\"link-more\"><a href=\"https:\/\/bedandmuseum.com\/es\/contacto\/\" class=\"more-link\"><span class=\"screen-reader-text\"> intente \"contactarnos<\/span><\/a><\/p>","protected":false},"author":1,"featured_media":182,"parent":0,"menu_order":0,"comment_status":"closed","ping_status":"closed","template":"page-templates\/page-contact.php","meta":{"footnotes":""},"class_list":["post-34","page","type-page","status-publish","has-post-thumbnail","hentry"],"yoast_head":"<!-- This site is optimized with the Yoast SEO plugin v27.5 - https:\/\/yoast.com\/product\/yoast-seo-wordpress\/ -->\n<title>Contattaci - La Nova Bed&amp;Museum<\/title>\n<meta name=\"robots\" content=\"index, follow, max-snippet:-1, max-image-preview:large, max-video-preview:-1\" \/>\n<link rel=\"canonical\" href=\"https:\/\/bedandmuseum.com\/es\/contacto\/\" \/>\n<meta property=\"og:locale\" content=\"es_ES\" \/>\n<meta property=\"og:type\" content=\"article\" \/>\n<meta property=\"og:title\" content=\"Contattaci - La Nova Bed&amp;Museum\" \/>\n<meta property=\"og:description\" content=\"LA NOVA BED &amp; MUSEUM Hai domande o desideri maggiori informazioni su La Nova Bed &amp; Museum? Siamo qui per aiutarti! Che tu stia pianificando una vacanza a Napoli o hai bisogno di dettagli specifici sul nostro bed &amp; breakfast, il nostro team \u00e8 pronto ad assisterti. Puoi contattarci attraverso il form qui sotto o &hellip; prova &quot;Contattaci&quot;\" \/>\n<meta property=\"og:url\" content=\"https:\/\/bedandmuseum.com\/es\/contacto\/\" \/>\n<meta property=\"og:site_name\" content=\"La Nova Bed&amp;Museum\" \/>\n<meta property=\"article:publisher\" content=\"https:\/\/www.facebook.com\/complessomonumentaledisantamarialanova\/\" \/>\n<meta property=\"article:modified_time\" content=\"2024-05-06T17:22:23+00:00\" \/>\n<meta property=\"og:image\" content=\"https:\/\/bedandmuseum.com\/wp-content\/uploads\/2024\/05\/LA-NOVA-BED-AND-MUSEUM-contatti.jpg\" \/>\n\t<meta property=\"og:image:width\" content=\"1685\" \/>\n\t<meta property=\"og:image:height\" content=\"800\" \/>\n\t<meta property=\"og:image:type\" content=\"image\/jpeg\" \/>\n<meta name=\"twitter:card\" content=\"summary_large_image\" \/>\n<script type=\"application\/ld+json\" class=\"yoast-schema-graph\">{\"@context\":\"https:\\\/\\\/schema.org\",\"@graph\":[{\"@type\":\"WebPage\",\"@id\":\"https:\\\/\\\/bedandmuseum.com\\\/contattaci\\\/\",\"url\":\"https:\\\/\\\/bedandmuseum.com\\\/contattaci\\\/\",\"name\":\"Contattaci - La Nova Bed&amp;Museum\",\"isPartOf\":{\"@id\":\"https:\\\/\\\/bedandmuseum.com\\\/#website\"},\"primaryImageOfPage\":{\"@id\":\"https:\\\/\\\/bedandmuseum.com\\\/contattaci\\\/#primaryimage\"},\"image\":{\"@id\":\"https:\\\/\\\/bedandmuseum.com\\\/contattaci\\\/#primaryimage\"},\"thumbnailUrl\":\"https:\\\/\\\/bedandmuseum.com\\\/wp-content\\\/uploads\\\/2024\\\/05\\\/LA-NOVA-BED-AND-MUSEUM-contatti.jpg\",\"datePublished\":\"2024-04-24T10:43:17+00:00\",\"dateModified\":\"2024-05-06T17:22:23+00:00\",\"breadcrumb\":{\"@id\":\"https:\\\/\\\/bedandmuseum.com\\\/contattaci\\\/#breadcrumb\"},\"inLanguage\":\"es\",\"potentialAction\":[{\"@type\":\"ReadAction\",\"target\":[\"https:\\\/\\\/bedandmuseum.com\\\/contattaci\\\/\"]}]},{\"@type\":\"ImageObject\",\"inLanguage\":\"es\",\"@id\":\"https:\\\/\\\/bedandmuseum.com\\\/contattaci\\\/#primaryimage\",\"url\":\"https:\\\/\\\/bedandmuseum.com\\\/wp-content\\\/uploads\\\/2024\\\/05\\\/LA-NOVA-BED-AND-MUSEUM-contatti.jpg\",\"contentUrl\":\"https:\\\/\\\/bedandmuseum.com\\\/wp-content\\\/uploads\\\/2024\\\/05\\\/LA-NOVA-BED-AND-MUSEUM-contatti.jpg\",\"width\":1685,\"height\":800},{\"@type\":\"BreadcrumbList\",\"@id\":\"https:\\\/\\\/bedandmuseum.com\\\/contattaci\\\/#breadcrumb\",\"itemListElement\":[{\"@type\":\"ListItem\",\"position\":1,\"name\":\"Home\",\"item\":\"https:\\\/\\\/bedandmuseum.com\\\/\"},{\"@type\":\"ListItem\",\"position\":2,\"name\":\"Contattaci\"}]},{\"@type\":\"WebSite\",\"@id\":\"https:\\\/\\\/bedandmuseum.com\\\/#website\",\"url\":\"https:\\\/\\\/bedandmuseum.com\\\/\",\"name\":\"La Nova Bed&Museum\",\"description\":\"Un Rifugio d&#039;Arte e Storia nel Cuore di Napoli\",\"publisher\":{\"@id\":\"https:\\\/\\\/bedandmuseum.com\\\/#organization\"},\"potentialAction\":[{\"@type\":\"SearchAction\",\"target\":{\"@type\":\"EntryPoint\",\"urlTemplate\":\"https:\\\/\\\/bedandmuseum.com\\\/?s={search_term_string}\"},\"query-input\":{\"@type\":\"PropertyValueSpecification\",\"valueRequired\":true,\"valueName\":\"search_term_string\"}}],\"inLanguage\":\"es\"},{\"@type\":\"Organization\",\"@id\":\"https:\\\/\\\/bedandmuseum.com\\\/#organization\",\"name\":\"La Nova Bed&Museum\",\"url\":\"https:\\\/\\\/bedandmuseum.com\\\/\",\"logo\":{\"@type\":\"ImageObject\",\"inLanguage\":\"es\",\"@id\":\"https:\\\/\\\/bedandmuseum.com\\\/#\\\/schema\\\/logo\\\/image\\\/\",\"url\":\"https:\\\/\\\/bedandmuseum.com\\\/wp-content\\\/uploads\\\/2024\\\/04\\\/cropped-icon-512.png\",\"contentUrl\":\"https:\\\/\\\/bedandmuseum.com\\\/wp-content\\\/uploads\\\/2024\\\/04\\\/cropped-icon-512.png\",\"width\":512,\"height\":512,\"caption\":\"La Nova Bed&Museum\"},\"image\":{\"@id\":\"https:\\\/\\\/bedandmuseum.com\\\/#\\\/schema\\\/logo\\\/image\\\/\"},\"sameAs\":[\"https:\\\/\\\/www.facebook.com\\\/complessomonumentaledisantamarialanova\\\/\",\"https:\\\/\\\/www.instagram.com\\\/complessosantamarialanova\\\/\"]}]}<\/script>\n<!-- \/ Yoast SEO plugin. -->","yoast_head_json":{"title":"Contattaci - La Nova Bed&amp;Museum","robots":{"index":"index","follow":"follow","max-snippet":"max-snippet:-1","max-image-preview":"max-image-preview:large","max-video-preview":"max-video-preview:-1"},"canonical":"https:\/\/bedandmuseum.com\/es\/contacto\/","og_locale":"es_ES","og_type":"article","og_title":"Contattaci - La Nova Bed&amp;Museum","og_description":"LA NOVA BED &amp; MUSEUM Hai domande o desideri maggiori informazioni su La Nova Bed &amp; Museum? Siamo qui per aiutarti! Che tu stia pianificando una vacanza a Napoli o hai bisogno di dettagli specifici sul nostro bed &amp; breakfast, il nostro team \u00e8 pronto ad assisterti. Puoi contattarci attraverso il form qui sotto o &hellip; prova \"Contattaci\"","og_url":"https:\/\/bedandmuseum.com\/es\/contacto\/","og_site_name":"La Nova Bed&amp;Museum","article_publisher":"https:\/\/www.facebook.com\/complessomonumentaledisantamarialanova\/","article_modified_time":"2024-05-06T17:22:23+00:00","og_image":[{"width":1685,"height":800,"url":"https:\/\/bedandmuseum.com\/wp-content\/uploads\/2024\/05\/LA-NOVA-BED-AND-MUSEUM-contatti.jpg","type":"image\/jpeg"}],"twitter_card":"summary_large_image","schema":{"@context":"https:\/\/schema.org","@graph":[{"@type":"WebPage","@id":"https:\/\/bedandmuseum.com\/contattaci\/","url":"https:\/\/bedandmuseum.com\/contattaci\/","name":"Contattaci - La Nova Bed&amp;Museum","isPartOf":{"@id":"https:\/\/bedandmuseum.com\/#website"},"primaryImageOfPage":{"@id":"https:\/\/bedandmuseum.com\/contattaci\/#primaryimage"},"image":{"@id":"https:\/\/bedandmuseum.com\/contattaci\/#primaryimage"},"thumbnailUrl":"https:\/\/bedandmuseum.com\/wp-content\/uploads\/2024\/05\/LA-NOVA-BED-AND-MUSEUM-contatti.jpg","datePublished":"2024-04-24T10:43:17+00:00","dateModified":"2024-05-06T17:22:23+00:00","breadcrumb":{"@id":"https:\/\/bedandmuseum.com\/contattaci\/#breadcrumb"},"inLanguage":"es","potentialAction":[{"@type":"ReadAction","target":["https:\/\/bedandmuseum.com\/contattaci\/"]}]},{"@type":"ImageObject","inLanguage":"es","@id":"https:\/\/bedandmuseum.com\/contattaci\/#primaryimage","url":"https:\/\/bedandmuseum.com\/wp-content\/uploads\/2024\/05\/LA-NOVA-BED-AND-MUSEUM-contatti.jpg","contentUrl":"https:\/\/bedandmuseum.com\/wp-content\/uploads\/2024\/05\/LA-NOVA-BED-AND-MUSEUM-contatti.jpg","width":1685,"height":800},{"@type":"BreadcrumbList","@id":"https:\/\/bedandmuseum.com\/contattaci\/#breadcrumb","itemListElement":[{"@type":"ListItem","position":1,"name":"Home","item":"https:\/\/bedandmuseum.com\/"},{"@type":"ListItem","position":2,"name":"Contattaci"}]},{"@type":"WebSite","@id":"https:\/\/bedandmuseum.com\/#website","url":"https:\/\/bedandmuseum.com\/","name":"La Nova Bed&Museum","description":"Un Rifugio d&#039;Arte e Storia nel Cuore di Napoli","publisher":{"@id":"https:\/\/bedandmuseum.com\/#organization"},"potentialAction":[{"@type":"SearchAction","target":{"@type":"EntryPoint","urlTemplate":"https:\/\/bedandmuseum.com\/?s={search_term_string}"},"query-input":{"@type":"PropertyValueSpecification","valueRequired":true,"valueName":"search_term_string"}}],"inLanguage":"es"},{"@type":"Organization","@id":"https:\/\/bedandmuseum.com\/#organization","name":"La Nova Bed&Museum","url":"https:\/\/bedandmuseum.com\/","logo":{"@type":"ImageObject","inLanguage":"es","@id":"https:\/\/bedandmuseum.com\/#\/schema\/logo\/image\/","url":"https:\/\/bedandmuseum.com\/wp-content\/uploads\/2024\/04\/cropped-icon-512.png","contentUrl":"https:\/\/bedandmuseum.com\/wp-content\/uploads\/2024\/04\/cropped-icon-512.png","width":512,"height":512,"caption":"La Nova Bed&Museum"},"image":{"@id":"https:\/\/bedandmuseum.com\/#\/schema\/logo\/image\/"},"sameAs":["https:\/\/www.facebook.com\/complessomonumentaledisantamarialanova\/","https:\/\/www.instagram.com\/complessosantamarialanova\/"]}]}},"_links":{"self":[{"href":"https:\/\/bedandmuseum.com\/es\/wp-json\/wp\/v2\/pages\/34","targetHints":{"allow":["GET"]}}],"collection":[{"href":"https:\/\/bedandmuseum.com\/es\/wp-json\/wp\/v2\/pages"}],"about":[{"href":"https:\/\/bedandmuseum.com\/es\/wp-json\/wp\/v2\/types\/page"}],"author":[{"embeddable":true,"href":"https:\/\/bedandmuseum.com\/es\/wp-json\/wp\/v2\/users\/1"}],"replies":[{"embeddable":true,"href":"https:\/\/bedandmuseum.com\/es\/wp-json\/wp\/v2\/comments?post=34"}],"version-history":[{"count":5,"href":"https:\/\/bedandmuseum.com\/es\/wp-json\/wp\/v2\/pages\/34\/revisions"}],"predecessor-version":[{"id":181,"href":"https:\/\/bedandmuseum.com\/es\/wp-json\/wp\/v2\/pages\/34\/revisions\/181"}],"wp:featuredmedia":[{"embeddable":true,"href":"https:\/\/bedandmuseum.com\/es\/wp-json\/wp\/v2\/media\/182"}],"wp:attachment":[{"href":"https:\/\/bedandmuseum.com\/es\/wp-json\/wp\/v2\/media?parent=34"}],"curies":[{"name":"wp","href":"https:\/\/api.w.org\/{rel}","templated":true}]}}