{"id":81,"date":"2024-04-24T10:45:28","date_gmt":"2024-04-24T10:45:28","guid":{"rendered":"https:\/\/bedandmuseum.com\/the-best-place-to-relax-in-a-wonderful-island-2\/"},"modified":"2024-05-07T13:49:59","modified_gmt":"2024-05-07T13:49:59","slug":"the-best-place-to-relax-in-a-wonderful-island-2","status":"publish","type":"page","link":"https:\/\/bedandmuseum.com\/es\/","title":{"rendered":"Bienvenido a La Nova Bed &amp; Museum"},"content":{"rendered":"<h3 style=\"text-align: center;\">Bienvenido a La Nova Bed &amp; Museum<\/h3>\n\n\n<p style=\"text-align: center;\">Bienvenido a <strong>Casa Rural La Nova<\/strong>donde la historia y el arte se unen en una experiencia vacacional \u00fanica. Situado en el coraz\u00f3n de N\u00e1poles dentro del Complejo Monumental de Santa Maria La Nova, una joya de la arquitectura angevina que data de 1279. Nuestras habitaciones est\u00e1n cuidadosamente amuebladas y ofrecen comodidades modernas en un contexto hist\u00f3rico \u00fanico. Aqu\u00ed podr\u00e1 sumergirse en el encanto de N\u00e1poles, a poca distancia de sus atracciones m\u00e1s famosas.<\/p>\n\n\n<figure class=\"wp-block-gallery has-nested-images columns-default is-cropped wp-block-gallery-1 is-layout-flex wp-block-gallery-is-layout-flex\">\n<figure class=\"wp-block-image\"><img loading=\"lazy\" decoding=\"async\" width=\"422\" height=\"540\" data-id=\"153\" src=\"https:\/\/bedandmuseum.com\/wp-content\/uploads\/2024\/05\/La-Nova-bed-and-museum.jpg\" alt=\"\" class=\"wp-image-153\" srcset=\"https:\/\/bedandmuseum.com\/wp-content\/uploads\/2024\/05\/La-Nova-bed-and-museum.jpg 422w, https:\/\/bedandmuseum.com\/wp-content\/uploads\/2024\/05\/La-Nova-bed-and-museum-234x300.jpg 234w, https:\/\/bedandmuseum.com\/wp-content\/uploads\/2024\/05\/La-Nova-bed-and-museum-375x480.jpg 375w, https:\/\/bedandmuseum.com\/wp-content\/uploads\/2024\/05\/La-Nova-bed-and-museum-250x320.jpg 250w, https:\/\/bedandmuseum.com\/wp-content\/uploads\/2024\/05\/La-Nova-bed-and-museum-195x250.jpg 195w, https:\/\/bedandmuseum.com\/wp-content\/uploads\/2024\/05\/La-Nova-bed-and-museum-117x150.jpg 117w\" sizes=\"auto, (max-width: 422px) 100vw, 422px\" \/><\/figure>\n\n\n\n<figure class=\"wp-block-image size-full\"><img loading=\"lazy\" decoding=\"async\" width=\"422\" height=\"540\" data-id=\"154\" src=\"https:\/\/bedandmuseum.com\/wp-content\/uploads\/2024\/05\/La-Nova-bed-and-museum-1.jpg\" alt=\"\" class=\"wp-image-154\" srcset=\"https:\/\/bedandmuseum.com\/wp-content\/uploads\/2024\/05\/La-Nova-bed-and-museum-1.jpg 422w, https:\/\/bedandmuseum.com\/wp-content\/uploads\/2024\/05\/La-Nova-bed-and-museum-1-234x300.jpg 234w, https:\/\/bedandmuseum.com\/wp-content\/uploads\/2024\/05\/La-Nova-bed-and-museum-1-375x480.jpg 375w, https:\/\/bedandmuseum.com\/wp-content\/uploads\/2024\/05\/La-Nova-bed-and-museum-1-250x320.jpg 250w, https:\/\/bedandmuseum.com\/wp-content\/uploads\/2024\/05\/La-Nova-bed-and-museum-1-195x250.jpg 195w, https:\/\/bedandmuseum.com\/wp-content\/uploads\/2024\/05\/La-Nova-bed-and-museum-1-117x150.jpg 117w\" sizes=\"auto, (max-width: 422px) 100vw, 422px\" \/><\/figure>\n\n\n\n<figure class=\"wp-block-image\"><img loading=\"lazy\" decoding=\"async\" width=\"422\" height=\"540\" data-id=\"155\" src=\"https:\/\/bedandmuseum.com\/wp-content\/uploads\/2024\/05\/La-Nova-bed-and-museum-2.jpg\" alt=\"\" class=\"wp-image-155\" srcset=\"https:\/\/bedandmuseum.com\/wp-content\/uploads\/2024\/05\/La-Nova-bed-and-museum-2.jpg 422w, https:\/\/bedandmuseum.com\/wp-content\/uploads\/2024\/05\/La-Nova-bed-and-museum-2-234x300.jpg 234w, https:\/\/bedandmuseum.com\/wp-content\/uploads\/2024\/05\/La-Nova-bed-and-museum-2-375x480.jpg 375w, https:\/\/bedandmuseum.com\/wp-content\/uploads\/2024\/05\/La-Nova-bed-and-museum-2-250x320.jpg 250w, https:\/\/bedandmuseum.com\/wp-content\/uploads\/2024\/05\/La-Nova-bed-and-museum-2-195x250.jpg 195w, https:\/\/bedandmuseum.com\/wp-content\/uploads\/2024\/05\/La-Nova-bed-and-museum-2-117x150.jpg 117w\" sizes=\"auto, (max-width: 422px) 100vw, 422px\" \/><\/figure>\n<\/figure>","protected":false},"excerpt":{"rendered":"<p>Bienvenido al Bed &amp; Museum La Nova Bienvenido al Bed &amp; Museum La Nova, donde la historia y el arte se unen en una experiencia vital \u00fanica. Situado en el coraz\u00f3n de N\u00e1poles dentro del Complejo Monumental de Santa Maria La Nova, una joya de la arquitectura angevina que data de 1279. Nuestras habitaciones est\u00e1n amuebladas con esmero ... <\/p>\n<p class=\"link-more\"><a href=\"https:\/\/bedandmuseum.com\/es\/\" class=\"more-link\"><span class=\"screen-reader-text\"> Pruebe \"Bienvenido a La Nova Bed &amp; Museum\".<\/span><\/a><\/p>","protected":false},"author":1,"featured_media":0,"parent":0,"menu_order":0,"comment_status":"closed","ping_status":"closed","template":"page-templates\/page-homepage.php","meta":{"footnotes":""},"class_list":["post-81","page","type-page","status-publish","hentry"],"yoast_head":"<!-- This site is optimized with the Yoast SEO plugin v27.5 - https:\/\/yoast.com\/product\/yoast-seo-wordpress\/ -->\n<title>Benvenuti a La Nova Bed &amp; Museum - La Nova Bed&amp;Museum<\/title>\n<meta name=\"description\" content=\"Benvenuti a La Nova Bed &amp; Museum, un bed and breakfast nel centro storico di Napoli. Offriamo un soggiorno di charme tra arte e storia. Prenota subito!\" \/>\n<meta name=\"robots\" content=\"index, follow, max-snippet:-1, max-image-preview:large, max-video-preview:-1\" \/>\n<link rel=\"canonical\" href=\"https:\/\/bedandmuseum.com\/es\/\" \/>\n<meta property=\"og:locale\" content=\"es_ES\" \/>\n<meta property=\"og:type\" content=\"article\" \/>\n<meta property=\"og:title\" content=\"Benvenuti a La Nova Bed &amp; Museum - La Nova Bed&amp;Museum\" \/>\n<meta property=\"og:description\" content=\"Benvenuti a La Nova Bed &amp; Museum, un bed and breakfast nel centro storico di Napoli. Offriamo un soggiorno di charme tra arte e storia. Prenota subito!\" \/>\n<meta property=\"og:url\" content=\"https:\/\/bedandmuseum.com\/es\/\" \/>\n<meta property=\"og:site_name\" content=\"La Nova Bed&amp;Museum\" \/>\n<meta property=\"article:publisher\" content=\"https:\/\/www.facebook.com\/complessomonumentaledisantamarialanova\/\" \/>\n<meta property=\"article:modified_time\" content=\"2024-05-07T13:49:59+00:00\" \/>\n<meta property=\"og:image\" content=\"https:\/\/bedandmuseum.com\/wp-content\/uploads\/2024\/05\/La-Nova-bed-and-museum.jpg\" \/>\n<meta name=\"twitter:card\" content=\"summary_large_image\" \/>\n<meta name=\"twitter:label1\" content=\"Tiempo de lectura\" \/>\n\t<meta name=\"twitter:data1\" content=\"2 minutos\" \/>\n<script type=\"application\/ld+json\" class=\"yoast-schema-graph\">{\"@context\":\"https:\\\/\\\/schema.org\",\"@graph\":[{\"@type\":\"WebPage\",\"@id\":\"https:\\\/\\\/bedandmuseum.com\\\/\",\"url\":\"https:\\\/\\\/bedandmuseum.com\\\/\",\"name\":\"Benvenuti a La Nova Bed &amp; Museum - La Nova Bed&amp;Museum\",\"isPartOf\":{\"@id\":\"https:\\\/\\\/bedandmuseum.com\\\/#website\"},\"primaryImageOfPage\":{\"@id\":\"https:\\\/\\\/bedandmuseum.com\\\/#primaryimage\"},\"image\":{\"@id\":\"https:\\\/\\\/bedandmuseum.com\\\/#primaryimage\"},\"thumbnailUrl\":\"https:\\\/\\\/bedandmuseum.com\\\/wp-content\\\/uploads\\\/2024\\\/05\\\/La-Nova-bed-and-museum.jpg\",\"datePublished\":\"2024-04-24T10:45:28+00:00\",\"dateModified\":\"2024-05-07T13:49:59+00:00\",\"description\":\"Benvenuti a La Nova Bed & Museum, un bed and breakfast nel centro storico di Napoli. Offriamo un soggiorno di charme tra arte e storia. Prenota subito!\",\"breadcrumb\":{\"@id\":\"https:\\\/\\\/bedandmuseum.com\\\/#breadcrumb\"},\"inLanguage\":\"es\",\"potentialAction\":[{\"@type\":\"ReadAction\",\"target\":[\"https:\\\/\\\/bedandmuseum.com\\\/\"]}]},{\"@type\":\"ImageObject\",\"inLanguage\":\"es\",\"@id\":\"https:\\\/\\\/bedandmuseum.com\\\/#primaryimage\",\"url\":\"https:\\\/\\\/bedandmuseum.com\\\/wp-content\\\/uploads\\\/2024\\\/05\\\/La-Nova-bed-and-museum.jpg\",\"contentUrl\":\"https:\\\/\\\/bedandmuseum.com\\\/wp-content\\\/uploads\\\/2024\\\/05\\\/La-Nova-bed-and-museum.jpg\"},{\"@type\":\"BreadcrumbList\",\"@id\":\"https:\\\/\\\/bedandmuseum.com\\\/#breadcrumb\",\"itemListElement\":[{\"@type\":\"ListItem\",\"position\":1,\"name\":\"Home\",\"item\":\"https:\\\/\\\/bedandmuseum.com\\\/\"},{\"@type\":\"ListItem\",\"position\":2,\"name\":\"Benvenuti a La Nova Bed &amp; Museum\"}]},{\"@type\":\"WebSite\",\"@id\":\"https:\\\/\\\/bedandmuseum.com\\\/#website\",\"url\":\"https:\\\/\\\/bedandmuseum.com\\\/\",\"name\":\"La Nova Bed&Museum\",\"description\":\"Un Rifugio d&#039;Arte e Storia nel Cuore di Napoli\",\"publisher\":{\"@id\":\"https:\\\/\\\/bedandmuseum.com\\\/#organization\"},\"potentialAction\":[{\"@type\":\"SearchAction\",\"target\":{\"@type\":\"EntryPoint\",\"urlTemplate\":\"https:\\\/\\\/bedandmuseum.com\\\/?s={search_term_string}\"},\"query-input\":{\"@type\":\"PropertyValueSpecification\",\"valueRequired\":true,\"valueName\":\"search_term_string\"}}],\"inLanguage\":\"es\"},{\"@type\":\"Organization\",\"@id\":\"https:\\\/\\\/bedandmuseum.com\\\/#organization\",\"name\":\"La Nova Bed&Museum\",\"url\":\"https:\\\/\\\/bedandmuseum.com\\\/\",\"logo\":{\"@type\":\"ImageObject\",\"inLanguage\":\"es\",\"@id\":\"https:\\\/\\\/bedandmuseum.com\\\/#\\\/schema\\\/logo\\\/image\\\/\",\"url\":\"https:\\\/\\\/bedandmuseum.com\\\/wp-content\\\/uploads\\\/2024\\\/04\\\/cropped-icon-512.png\",\"contentUrl\":\"https:\\\/\\\/bedandmuseum.com\\\/wp-content\\\/uploads\\\/2024\\\/04\\\/cropped-icon-512.png\",\"width\":512,\"height\":512,\"caption\":\"La Nova Bed&Museum\"},\"image\":{\"@id\":\"https:\\\/\\\/bedandmuseum.com\\\/#\\\/schema\\\/logo\\\/image\\\/\"},\"sameAs\":[\"https:\\\/\\\/www.facebook.com\\\/complessomonumentaledisantamarialanova\\\/\",\"https:\\\/\\\/www.instagram.com\\\/complessosantamarialanova\\\/\"]}]}<\/script>\n<!-- \/ Yoast SEO plugin. -->","yoast_head_json":{"title":"Benvenuti a La Nova Bed &amp; Museum - La Nova Bed&amp;Museum","description":"Benvenuti a La Nova Bed & Museum, un bed and breakfast nel centro storico di Napoli. Offriamo un soggiorno di charme tra arte e storia. Prenota subito!","robots":{"index":"index","follow":"follow","max-snippet":"max-snippet:-1","max-image-preview":"max-image-preview:large","max-video-preview":"max-video-preview:-1"},"canonical":"https:\/\/bedandmuseum.com\/es\/","og_locale":"es_ES","og_type":"article","og_title":"Benvenuti a La Nova Bed &amp; Museum - La Nova Bed&amp;Museum","og_description":"Benvenuti a La Nova Bed & Museum, un bed and breakfast nel centro storico di Napoli. Offriamo un soggiorno di charme tra arte e storia. Prenota subito!","og_url":"https:\/\/bedandmuseum.com\/es\/","og_site_name":"La Nova Bed&amp;Museum","article_publisher":"https:\/\/www.facebook.com\/complessomonumentaledisantamarialanova\/","article_modified_time":"2024-05-07T13:49:59+00:00","og_image":[{"url":"https:\/\/bedandmuseum.com\/wp-content\/uploads\/2024\/05\/La-Nova-bed-and-museum.jpg","type":"","width":"","height":""}],"twitter_card":"summary_large_image","twitter_misc":{"Tiempo de lectura":"2 minutos"},"schema":{"@context":"https:\/\/schema.org","@graph":[{"@type":"WebPage","@id":"https:\/\/bedandmuseum.com\/","url":"https:\/\/bedandmuseum.com\/","name":"Benvenuti a La Nova Bed &amp; Museum - La Nova Bed&amp;Museum","isPartOf":{"@id":"https:\/\/bedandmuseum.com\/#website"},"primaryImageOfPage":{"@id":"https:\/\/bedandmuseum.com\/#primaryimage"},"image":{"@id":"https:\/\/bedandmuseum.com\/#primaryimage"},"thumbnailUrl":"https:\/\/bedandmuseum.com\/wp-content\/uploads\/2024\/05\/La-Nova-bed-and-museum.jpg","datePublished":"2024-04-24T10:45:28+00:00","dateModified":"2024-05-07T13:49:59+00:00","description":"Benvenuti a La Nova Bed & Museum, un bed and breakfast nel centro storico di Napoli. Offriamo un soggiorno di charme tra arte e storia. Prenota subito!","breadcrumb":{"@id":"https:\/\/bedandmuseum.com\/#breadcrumb"},"inLanguage":"es","potentialAction":[{"@type":"ReadAction","target":["https:\/\/bedandmuseum.com\/"]}]},{"@type":"ImageObject","inLanguage":"es","@id":"https:\/\/bedandmuseum.com\/#primaryimage","url":"https:\/\/bedandmuseum.com\/wp-content\/uploads\/2024\/05\/La-Nova-bed-and-museum.jpg","contentUrl":"https:\/\/bedandmuseum.com\/wp-content\/uploads\/2024\/05\/La-Nova-bed-and-museum.jpg"},{"@type":"BreadcrumbList","@id":"https:\/\/bedandmuseum.com\/#breadcrumb","itemListElement":[{"@type":"ListItem","position":1,"name":"Home","item":"https:\/\/bedandmuseum.com\/"},{"@type":"ListItem","position":2,"name":"Benvenuti a La Nova Bed &amp; Museum"}]},{"@type":"WebSite","@id":"https:\/\/bedandmuseum.com\/#website","url":"https:\/\/bedandmuseum.com\/","name":"La Nova Bed&Museum","description":"Un Rifugio d&#039;Arte e Storia nel Cuore di Napoli","publisher":{"@id":"https:\/\/bedandmuseum.com\/#organization"},"potentialAction":[{"@type":"SearchAction","target":{"@type":"EntryPoint","urlTemplate":"https:\/\/bedandmuseum.com\/?s={search_term_string}"},"query-input":{"@type":"PropertyValueSpecification","valueRequired":true,"valueName":"search_term_string"}}],"inLanguage":"es"},{"@type":"Organization","@id":"https:\/\/bedandmuseum.com\/#organization","name":"La Nova Bed&Museum","url":"https:\/\/bedandmuseum.com\/","logo":{"@type":"ImageObject","inLanguage":"es","@id":"https:\/\/bedandmuseum.com\/#\/schema\/logo\/image\/","url":"https:\/\/bedandmuseum.com\/wp-content\/uploads\/2024\/04\/cropped-icon-512.png","contentUrl":"https:\/\/bedandmuseum.com\/wp-content\/uploads\/2024\/04\/cropped-icon-512.png","width":512,"height":512,"caption":"La Nova Bed&Museum"},"image":{"@id":"https:\/\/bedandmuseum.com\/#\/schema\/logo\/image\/"},"sameAs":["https:\/\/www.facebook.com\/complessomonumentaledisantamarialanova\/","https:\/\/www.instagram.com\/complessosantamarialanova\/"]}]}},"_links":{"self":[{"href":"https:\/\/bedandmuseum.com\/es\/wp-json\/wp\/v2\/pages\/81","targetHints":{"allow":["GET"]}}],"collection":[{"href":"https:\/\/bedandmuseum.com\/es\/wp-json\/wp\/v2\/pages"}],"about":[{"href":"https:\/\/bedandmuseum.com\/es\/wp-json\/wp\/v2\/types\/page"}],"author":[{"embeddable":true,"href":"https:\/\/bedandmuseum.com\/es\/wp-json\/wp\/v2\/users\/1"}],"replies":[{"embeddable":true,"href":"https:\/\/bedandmuseum.com\/es\/wp-json\/wp\/v2\/comments?post=81"}],"version-history":[{"count":2,"href":"https:\/\/bedandmuseum.com\/es\/wp-json\/wp\/v2\/pages\/81\/revisions"}],"predecessor-version":[{"id":286,"href":"https:\/\/bedandmuseum.com\/es\/wp-json\/wp\/v2\/pages\/81\/revisions\/286"}],"wp:attachment":[{"href":"https:\/\/bedandmuseum.com\/es\/wp-json\/wp\/v2\/media?parent=81"}],"curies":[{"name":"wp","href":"https:\/\/api.w.org\/{rel}","templated":true}]}}